{"id":217,"date":"2025-05-26T19:10:50","date_gmt":"2025-05-26T17:10:50","guid":{"rendered":"https:\/\/mossdolli.com\/?page_id=217"},"modified":"2025-06-20T16:46:59","modified_gmt":"2025-06-20T14:46:59","slug":"cgv","status":"publish","type":"page","link":"https:\/\/mossdolli.com\/?page_id=217","title":{"rendered":"CGV"},"content":{"rendered":"\t\t<div data-elementor-type=\"wp-page\" data-elementor-id=\"217\" class=\"elementor elementor-217\">\n\t\t\t\t<div class=\"elementor-element elementor-element-63e3872 e-flex e-con-boxed e-con e-parent\" data-id=\"63e3872\" data-element_type=\"container\" data-e-type=\"container\">\n\t\t\t\t\t<div class=\"e-con-inner\">\n\t\t\t\t<div class=\"elementor-element elementor-element-d713ce2 elementor-widget elementor-widget-text-editor\" data-id=\"d713ce2\" data-element_type=\"widget\" data-e-type=\"widget\" data-widget_type=\"text-editor.default\">\n\t\t\t\t<div class=\"elementor-widget-container\">\n\t\t\t\t\t\t\t\t\t<article class=\"text-token-text-primary w-full\" dir=\"auto\" data-testid=\"conversation-turn-134\" data-scroll-anchor=\"false\"><div class=\"text-base my-auto mx-auto py-5 [--thread-content-margin:--spacing(4)] @[37rem]:[--thread-content-margin:--spacing(6)] @[72rem]:[--thread-content-margin:--spacing(16)] px-(--thread-content-margin)\"><div class=\"[--thread-content-max-width:32rem] @[34rem]:[--thread-content-max-width:40rem] @[64rem]:[--thread-content-max-width:48rem] mx-auto flex max-w-(--thread-content-max-width) flex-1 text-base gap-4 md:gap-5 lg:gap-6 group\/turn-messages focus-visible:outline-hidden\" tabindex=\"-1\"><div class=\"group\/conversation-turn relative flex w-full min-w-0 flex-col agent-turn\"><div class=\"relative flex-col gap-1 md:gap-3\"><div class=\"flex max-w-full flex-col grow\"><div class=\"min-h-8 text-message relative flex w-full flex-col items-end gap-2 text-start break-words whitespace-normal [.text-message+&amp;]:mt-5\" dir=\"auto\" data-message-author-role=\"assistant\" data-message-id=\"e414d753-df37-4e29-a4b0-78d8ef9f8b9f\" data-message-model-slug=\"gpt-4o\"><div class=\"flex w-full flex-col gap-1 empty:hidden first:pt-[3px]\"><div class=\"markdown prose dark:prose-invert w-full break-words light\"><h2 data-start=\"298\" data-end=\"323\"><span style=\"font-family: georgia, palatino, serif;\">Conditions g\u00e9n\u00e9rales de ventes\u00a0<\/span><\/h2><h3 data-start=\"298\" data-end=\"323\"><span style=\"font-family: georgia, palatino, serif;\">1. <strong data-start=\"305\" data-end=\"321\">Pr\u00e9sentation<\/strong><\/span><\/h3><p data-start=\"324\" data-end=\"736\"><span style=\"font-family: georgia, palatino, serif;\">Le pr\u00e9sent site est \u00e9dit\u00e9 par Moss Dolli, marque de sauces inspir\u00e9es des traditions culinaires Africaine et Cr\u00e9ole.<\/span><br \/><span style=\"font-family: georgia, palatino, serif;\">Les produits sont d\u00e9velopp\u00e9s par Tabara, cr\u00e9atrice du blog Tabou en Cuisine, et fabriqu\u00e9s en partenariat avec une conserverie artisanale fran\u00e7aise.<\/span><br data-start=\"673\" data-end=\"676\" \/><span style=\"font-family: georgia, palatino, serif;\"><strong data-start=\"676\" data-end=\"700\">SIRET : 85042629700022<\/strong><\/span><br data-start=\"700\" data-end=\"703\" \/><span style=\"font-family: georgia, palatino, serif;\"><strong data-start=\"703\" data-end=\"736\">Email : <a class=\"cursor-pointer\" rel=\"noopener\" data-start=\"713\" data-end=\"734\">contact@mossdolli.com<\/a><\/strong><\/span><\/p><hr data-start=\"738\" data-end=\"741\" \/><h3 data-start=\"743\" data-end=\"764\"><span style=\"font-family: georgia, palatino, serif;\">2. <strong data-start=\"750\" data-end=\"762\">Produits<\/strong><\/span><\/h3><p data-start=\"765\" data-end=\"1312\"><span style=\"font-family: georgia, palatino, serif;\">Nos sauces sont pr\u00e9par\u00e9es de mani\u00e8re artisanale, en petites quantit\u00e9s, dans le respect des normes d\u2019hygi\u00e8ne et de qualit\u00e9.. Chaque produit est pr\u00e9sent\u00e9 avec un descriptif complet.<\/span><br \/><span style=\"font-family: georgia, palatino, serif;\">Les photographies sont non contractuelles mais fid\u00e8les au produit vendu.<\/span><br \/><span style=\"font-family: georgia, palatino, serif;\">La majorit\u00e9 des recettes sont sans conservateurs ajout\u00e9s. Toutefois, certains produits peuvent contenir un conservateur autoris\u00e9, pour garantir leur s\u00e9curit\u00e9 et leur dur\u00e9e de conservation.<\/span><br \/><span style=\"font-family: georgia, palatino, serif;\">Tous les ingr\u00e9dients sont list\u00e9s sur les \u00e9tiquettes produits et fiches en ligne.<\/span><br \/><span style=\"font-family: georgia, palatino, serif;\">Les visuels et descriptions produits sont fournis \u00e0 titre indicatif.<\/span><\/p><hr data-start=\"1314\" data-end=\"1317\" \/><h3 data-start=\"1319\" data-end=\"1336\"><span style=\"font-family: georgia, palatino, serif;\">3. <strong data-start=\"1326\" data-end=\"1334\">Prix<\/strong><\/span><\/h3><p data-start=\"1337\" data-end=\"1552\"><span style=\"font-family: georgia, palatino, serif;\">Les prix sont indiqu\u00e9s en euros TTC (TVA non applicable \u2013 article 293 B du CGI).<\/span><br data-start=\"1417\" data-end=\"1420\" \/><span style=\"font-family: georgia, palatino, serif;\">Moss Dolli se r\u00e9serve le droit de modifier ses prix \u00e0 tout moment. Le prix applicable est celui en vigueur au moment de la commande.<\/span><\/p><hr data-start=\"1554\" data-end=\"1557\" \/><h3 data-start=\"1559\" data-end=\"1580\"><span style=\"font-family: georgia, palatino, serif;\">4. <strong data-start=\"1566\" data-end=\"1578\">Commande<\/strong><\/span><\/h3><p data-start=\"1581\" data-end=\"1791\"><span style=\"font-family: georgia, palatino, serif;\">Toute commande pass\u00e9e sur le site <a class=\"\" href=\"http:\/\/www.mossdolli.com\" target=\"_new\" rel=\"noopener\" data-start=\"1615\" data-end=\"1632\">www.mossdolli.com<\/a> implique l\u2019acceptation pleine et enti\u00e8re des pr\u00e9sentes conditions g\u00e9n\u00e9rales de vente.<\/span><br data-start=\"1718\" data-end=\"1721\" \/><span style=\"font-family: georgia, palatino, serif;\">Un e-mail de confirmation est envoy\u00e9 automatiquement apr\u00e8s validation.<\/span><\/p><hr data-start=\"1793\" data-end=\"1796\" \/><h3 data-start=\"1798\" data-end=\"1819\"><span style=\"font-family: georgia, palatino, serif;\">5. <strong data-start=\"1805\" data-end=\"1817\">Paiement<\/strong><\/span><\/h3><p data-start=\"1820\" data-end=\"1989\"><span style=\"font-family: georgia, palatino, serif;\">Le r\u00e8glement des commandes s\u2019effectue en ligne via une plateforme s\u00e9curis\u00e9e (ex : Stripe, PayPal).<\/span><br data-start=\"1918\" data-end=\"1921\" \/><span style=\"font-family: georgia, palatino, serif;\">La commande est consid\u00e9r\u00e9e comme d\u00e9finitive \u00e0 r\u00e9ception du paiement.<\/span><\/p><p data-start=\"150\" data-end=\"601\"><span style=\"font-family: georgia, palatino, serif;\">Les produits sont soigneusement emball\u00e9s avant exp\u00e9dition. Toutefois, <strong data-start=\"220\" data-end=\"322\">le vendeur ne saurait \u00eatre tenu responsable des \u00e9ventuels dommages occasionn\u00e9s durant le transport<\/strong> (casse, fuite, d\u00e9t\u00e9rioration, etc.). En cas de r\u00e9ception d\u2019un colis endommag\u00e9, <strong data-start=\"402\" data-end=\"472\">l\u2019acheteur devra formuler toute r\u00e9clamation aupr\u00e8s du transporteur<\/strong> et en informer le vendeur dans un d\u00e9lai de 48 heures, <strong data-start=\"527\" data-end=\"600\">preuve \u00e0 l\u2019appui (photographies claires du colis et du contenu ab\u00eem\u00e9)<\/strong>.<\/span><\/p><p data-start=\"603\" data-end=\"764\"><span style=\"font-family: georgia, palatino, serif;\">Selon la nature du dommage et apr\u00e8s v\u00e9rification, un <strong data-start=\"656\" data-end=\"715\">\u00e9change du produit ou un remboursement partiel ou total<\/strong> pourra \u00eatre envisag\u00e9 \u00e0 la discr\u00e9tion du vendeur.<\/span><\/p><p data-start=\"766\" data-end=\"1095\"><span style=\"font-family: georgia, palatino, serif;\">Par ailleurs, l\u2019acheteur est tenu de <strong data-start=\"803\" data-end=\"869\">retirer son colis dans les d\u00e9lais impartis par le transporteur<\/strong>. En cas de non-retrait et de retour du colis \u00e0 l\u2019exp\u00e9diteur, <strong data-start=\"931\" data-end=\"974\">le colis sera conserv\u00e9 pendant 10 jours<\/strong>. Si l\u2019acheteur souhaite une nouvelle exp\u00e9dition, <strong data-start=\"1024\" data-end=\"1094\">les frais de port suppl\u00e9mentaires seront int\u00e9gralement \u00e0 sa charge<\/strong>.<\/span><\/p><hr data-start=\"1991\" data-end=\"1994\" \/><h3 data-start=\"1996\" data-end=\"2018\"><span style=\"font-family: georgia, palatino, serif;\">6. <strong data-start=\"2003\" data-end=\"2016\">Livraison<\/strong><\/span><\/h3><p data-start=\"2019\" data-end=\"2324\"><span style=\"font-family: georgia, palatino, serif;\">Les commandes sont exp\u00e9di\u00e9es sous 2 \u00e0 5 jours ouvr\u00e9s.<\/span><br \/><span style=\"font-family: georgia, palatino, serif;\">La livraison est assur\u00e9e en France (et dans les pays indiqu\u00e9s lors de la commande), via Colissimo, Mondial Relay ou tout autre transporteur indiqu\u00e9.<\/span><br \/><span style=\"font-family: georgia, palatino, serif;\">Un e-mail de suivi est envoy\u00e9 \u00e0 l\u2019acheteur lors de l\u2019exp\u00e9dition.<\/span><\/p><hr data-start=\"2326\" data-end=\"2329\" \/><h3 data-start=\"2331\" data-end=\"2365\"><span style=\"font-family: georgia, palatino, serif;\">7. <strong data-start=\"2338\" data-end=\"2363\">Droit de r\u00e9tractation<\/strong><\/span><\/h3><p data-start=\"2366\" data-end=\"2690\"><span style=\"font-family: georgia, palatino, serif;\">Conform\u00e9ment \u00e0 l\u2019article L.221-28 du Code de la consommation, les denr\u00e9es p\u00e9rissables (comme les sauces alimentaires) ne sont <strong data-start=\"2492\" data-end=\"2533\">pas soumises au droit de r\u00e9tractation<\/strong>, sauf produit non conforme ou endommag\u00e9 \u00e0 la r\u00e9ception.<\/span><br data-start=\"2589\" data-end=\"2592\" \/><span style=\"font-family: georgia, palatino, serif;\">En cas de probl\u00e8me, merci de contacter le service client dans un d\u00e9lai de 3 jours apr\u00e8s r\u00e9ception.<\/span><\/p><hr data-start=\"2692\" data-end=\"2695\" \/><h3 data-start=\"2697\" data-end=\"2724\"><span style=\"font-family: georgia, palatino, serif;\">8. <strong data-start=\"2704\" data-end=\"2722\">Responsabilit\u00e9<\/strong><\/span><\/h3><p data-start=\"2725\" data-end=\"2935\"><span style=\"font-family: georgia, palatino, serif;\">Moss Dolli ne saurait \u00eatre tenue responsable de tout dommage indirect ou incident li\u00e9 \u00e0 l\u2019utilisation des produits.<\/span><br data-start=\"2840\" data-end=\"2843\" \/><span style=\"font-family: georgia, palatino, serif;\">L\u2019acheteur est seul responsable du choix et de la conservation des produits apr\u00e8s livraison.<\/span><\/p><hr data-start=\"2937\" data-end=\"2940\" \/><h3 data-start=\"2942\" data-end=\"2975\"><span style=\"font-family: georgia, palatino, serif;\">9. <strong data-start=\"2949\" data-end=\"2973\">Donn\u00e9es personnelles<\/strong><\/span><\/h3><p data-start=\"2976\" data-end=\"3218\"><span style=\"font-family: georgia, palatino, serif;\">Les donn\u00e9es collect\u00e9es sont utilis\u00e9es exclusivement dans le cadre de la relation commerciale (commande, livraison, newsletter).<\/span><br data-start=\"3103\" data-end=\"3106\" \/><span style=\"font-family: georgia, palatino, serif;\">Aucune donn\u00e9e ne sera c\u00e9d\u00e9e ou vendue. Pour plus d\u2019informations, consultez notre [Politique de confidentialit\u00e9].<\/span><\/p><hr data-start=\"3220\" data-end=\"3223\" \/><h3 data-start=\"3225\" data-end=\"3246\"><span style=\"font-family: georgia, palatino, serif;\">10. <strong data-start=\"3233\" data-end=\"3244\">Litiges<\/strong><\/span><\/h3><p data-start=\"3247\" data-end=\"3386\"><span style=\"font-family: georgia, palatino, serif;\">En cas de litige, une solution amiable sera recherch\u00e9e.<\/span><br data-start=\"3302\" data-end=\"3305\" \/><span style=\"font-family: georgia, palatino, serif;\">\u00c0 d\u00e9faut, les tribunaux comp\u00e9tents seront ceux du ressort du si\u00e8ge de Moss Dolli.<\/span><\/p><p data-start=\"3393\" data-end=\"3532\" data-is-last-node=\"\" data-is-only-node=\"\">\u00a0<\/p><\/div><\/div><\/div><\/div><div class=\"flex absolute start-0 end-0 flex justify-start\"><div class=\"touch:-me-2 touch:-ms-3.5 -ms-2.5 -me-1 flex items-center p-1 select-none -mt-1 focus-within:transition-none hover:transition-none duration-500 group-hover\/turn-messages:delay-300 pointer-events-none [mask-image:linear-gradient(to_right,black_33%,transparent_66%)] [mask-size:300%_100%] [mask-position:100%_0%] motion-safe:transition-[mask-position] group-hover\/turn-messages:pointer-events-auto group-hover\/turn-messages:[mask-position:0_0] group-focus-within\/turn-messages:pointer-events-auto group-focus-within\/turn-messages:[mask-position:0_0] has-data-[state=open]:pointer-events-auto has-data-[state=open]:[mask-position:0_0]\">\u00a0<\/div><\/div><\/div><\/div><\/div><\/div><\/article><article class=\"text-token-text-primary w-full\" dir=\"auto\" data-testid=\"conversation-turn-135\" data-scroll-anchor=\"false\"><div class=\"text-base my-auto mx-auto py-5 [--thread-content-margin:--spacing(4)] @[37rem]:[--thread-content-margin:--spacing(6)] @[72rem]:[--thread-content-margin:--spacing(16)] px-(--thread-content-margin)\"><div class=\"[--thread-content-max-width:32rem] @[34rem]:[--thread-content-max-width:40rem] @[64rem]:[--thread-content-max-width:48rem] mx-auto flex max-w-(--thread-content-max-width) flex-1 text-base gap-4 md:gap-5 lg:gap-6 group\/turn-messages focus-visible:outline-hidden\" tabindex=\"-1\"><div class=\"group\/conversation-turn relative flex w-full min-w-0 flex-col\"><div class=\"relative flex-col gap-1 md:gap-3\"><div class=\"flex max-w-full flex-col grow\"><div class=\"min-h-8 text-message relative flex w-full flex-col items-end gap-2 text-start break-words whitespace-normal [.text-message+&amp;]:mt-5\" dir=\"auto\" data-message-author-role=\"user\" data-message-id=\"bbb21910-e083-4dda-b6ae-460d7e74cdea\"><div class=\"flex w-full flex-col gap-1 empty:hidden items-end rtl:items-start\"><div class=\"relative max-w-[var(--user-chat-width,70%)] bg-token-message-surface rounded-3xl px-5 py-2.5\"><div class=\"whitespace-pre-wrap\">\u00a0<\/div><\/div><\/div><\/div><\/div><\/div><\/div><\/div><\/div><\/article>\t\t\t\t\t\t\t\t<\/div>\n\t\t\t\t<\/div>\n\t\t\t\t\t<\/div>\n\t\t\t\t<\/div>\n\t\t\t\t<\/div>\n\t\t","protected":false},"excerpt":{"rendered":"<p>Conditions g\u00e9n\u00e9rales de ventes\u00a0 1. Pr\u00e9sentation Le pr\u00e9sent site est \u00e9dit\u00e9 par Moss Dolli, marque de sauces inspir\u00e9es des traditions [&hellip;]<\/p>\n","protected":false},"author":1,"featured_media":0,"parent":0,"menu_order":11,"comment_status":"closed","ping_status":"closed","template":"","meta":{"site-sidebar-layout":"no-sidebar","site-content-layout":"","ast-site-content-layout":"full-width-container","site-content-style":"default","site-sidebar-style":"default","ast-global-header-display":"","ast-banner-title-visibility":"","ast-main-header-display":"","ast-hfb-above-header-display":"","ast-hfb-below-header-display":"","ast-hfb-mobile-header-display":"","site-post-title":"disabled","ast-breadcrumbs-content":"","ast-featured-img":"disabled","footer-sml-layout":"","ast-disable-related-posts":"","theme-transparent-header-meta":"","adv-header-id-meta":"","stick-header-meta":"","header-above-stick-meta":"","header-main-stick-meta":"","header-below-stick-meta":"","astra-migrate-meta-layouts":"default","ast-page-background-enabled":"default","ast-page-background-meta":{"desktop":{"background-color":"var(--ast-global-color-5)","background-image":"","background-repeat":"repeat","background-position":"center center","background-size":"auto","background-attachment":"scroll","background-type":"","background-media":"","overlay-type":"","overlay-color":"","overlay-opacity":"","overlay-gradient":""},"tablet":{"background-color":"","background-image":"","background-repeat":"repeat","background-position":"center center","background-size":"auto","background-attachment":"scroll","background-type":"","background-media":"","overlay-type":"","overlay-color":"","overlay-opacity":"","overlay-gradient":""},"mobile":{"background-color":"","background-image":"","background-repeat":"repeat","background-position":"center center","background-size":"auto","background-attachment":"scroll","background-type":"","background-media":"","overlay-type":"","overlay-color":"","overlay-opacity":"","overlay-gradient":""}},"ast-content-background-meta":{"desktop":{"background-color":"var(--ast-global-color-4)","background-image":"","background-repeat":"repeat","background-position":"center center","background-size":"auto","background-attachment":"scroll","background-type":"","background-media":"","overlay-type":"","overlay-color":"","overlay-opacity":"","overlay-gradient":""},"tablet":{"background-color":"var(--ast-global-color-4)","background-image":"","background-repeat":"repeat","background-position":"center center","background-size":"auto","background-attachment":"scroll","background-type":"","background-media":"","overlay-type":"","overlay-color":"","overlay-opacity":"","overlay-gradient":""},"mobile":{"background-color":"var(--ast-global-color-4)","background-image":"","background-repeat":"repeat","background-position":"center center","background-size":"auto","background-attachment":"scroll","background-type":"","background-media":"","overlay-type":"","overlay-color":"","overlay-opacity":"","overlay-gradient":""}},"footnotes":""},"class_list":["post-217","page","type-page","status-publish","hentry"],"_links":{"self":[{"href":"https:\/\/mossdolli.com\/index.php?rest_route=\/wp\/v2\/pages\/217","targetHints":{"allow":["GET"]}}],"collection":[{"href":"https:\/\/mossdolli.com\/index.php?rest_route=\/wp\/v2\/pages"}],"about":[{"href":"https:\/\/mossdolli.com\/index.php?rest_route=\/wp\/v2\/types\/page"}],"author":[{"embeddable":true,"href":"https:\/\/mossdolli.com\/index.php?rest_route=\/wp\/v2\/users\/1"}],"replies":[{"embeddable":true,"href":"https:\/\/mossdolli.com\/index.php?rest_route=%2Fwp%2Fv2%2Fcomments&post=217"}],"version-history":[{"count":27,"href":"https:\/\/mossdolli.com\/index.php?rest_route=\/wp\/v2\/pages\/217\/revisions"}],"predecessor-version":[{"id":791,"href":"https:\/\/mossdolli.com\/index.php?rest_route=\/wp\/v2\/pages\/217\/revisions\/791"}],"wp:attachment":[{"href":"https:\/\/mossdolli.com\/index.php?rest_route=%2Fwp%2Fv2%2Fmedia&parent=217"}],"curies":[{"name":"wp","href":"https:\/\/api.w.org\/{rel}","templated":true}]}}