{"id":222,"date":"2025-05-26T19:15:17","date_gmt":"2025-05-26T17:15:17","guid":{"rendered":"https:\/\/mossdolli.com\/?page_id=222"},"modified":"2025-06-20T16:34:54","modified_gmt":"2025-06-20T14:34:54","slug":"mentions-legales","status":"publish","type":"page","link":"https:\/\/mossdolli.com\/?page_id=222","title":{"rendered":"Mentions L\u00e9gales"},"content":{"rendered":"<h2 data-start=\"170\" data-end=\"189\"><span style=\"font-family: georgia, palatino, serif;\">Mentions l\u00e9gales<\/span><\/h2>\n<h3 data-start=\"170\" data-end=\"189\"><span style=\"font-family: georgia, palatino, serif;\">\u00c9diteur du site<\/span><\/h3>\n<p data-start=\"191\" data-end=\"618\"><span style=\"font-family: georgia, palatino, serif;\"><strong data-start=\"191\" data-end=\"214\">Nom de l\u2019entreprise<\/strong> : Moss Dolli<\/span><br data-start=\"227\" data-end=\"230\" \/><span style=\"font-family: georgia, palatino, serif;\"><strong data-start=\"230\" data-end=\"240\">Statut<\/strong> : Entreprise individuelle\u00a0<\/span><br data-start=\"288\" data-end=\"291\" \/><span style=\"font-family: georgia, palatino, serif;\"><strong data-start=\"291\" data-end=\"324\">Responsable de la publication<\/strong> : Tabara Camara<\/span><br data-start=\"362\" data-end=\"365\" \/><span style=\"font-family: georgia, palatino, serif;\"><strong data-start=\"365\" data-end=\"376\">Adresse<\/strong> : Adresse postale disponible sur demande<\/span><br data-start=\"502\" data-end=\"505\" \/><span style=\"font-family: georgia, palatino, serif;\"><strong data-start=\"505\" data-end=\"514\">Email<\/strong> : <a rel=\"noopener\" data-start=\"517\" data-end=\"538\">contact@mossdolli.com<\/a><\/span><br data-start=\"538\" data-end=\"541\" \/><span style=\"font-family: georgia, palatino, serif;\"><strong data-start=\"541\" data-end=\"557\">Num\u00e9ro SIRET<\/strong> : 850042629700022<\/span><br data-start=\"571\" data-end=\"574\" \/><span style=\"font-family: georgia, palatino, serif;\"><strong data-start=\"574\" data-end=\"600\">TVA intracommunautaire<\/strong> : Non applicable<\/span><\/p>\n<hr data-start=\"620\" data-end=\"623\" \/>\n<h3 data-start=\"625\" data-end=\"638\"><span style=\"font-family: georgia, palatino, serif;\">H\u00e9bergeur<\/span><\/h3>\n<p data-start=\"640\" data-end=\"830\"><span style=\"font-family: georgia, palatino, serif;\"><strong data-start=\"640\" data-end=\"662\">Nom de l\u2019h\u00e9bergeur<\/strong> : OVH<\/span><br data-start=\"673\" data-end=\"676\" \/><span style=\"font-family: georgia, palatino, serif;\"><strong data-start=\"676\" data-end=\"687\">Adresse<\/strong> : 2 rue Kellermann, 59100 Roubaix, France<\/span><br data-start=\"756\" data-end=\"759\" \/><span style=\"font-family: georgia, palatino, serif;\"><strong data-start=\"759\" data-end=\"772\">T\u00e9l\u00e9phone<\/strong> : 09 72 10 10 07<\/span><br data-start=\"789\" data-end=\"792\" \/><span style=\"font-family: georgia, palatino, serif;\"><strong data-start=\"792\" data-end=\"804\">Site web<\/strong> : <a href=\"https:\/\/www.o2switch.fr\" target=\"_new\" rel=\"noopener\" data-start=\"807\" data-end=\"830\">https:\/\/www.ovhcloud.com<\/a><\/span><\/p>\n<hr data-start=\"832\" data-end=\"835\" \/>\n<h3 data-start=\"837\" data-end=\"865\"><span style=\"font-family: georgia, palatino, serif;\">Propri\u00e9t\u00e9 intellectuelle<\/span><\/h3>\n<p data-start=\"867\" data-end=\"1053\"><span style=\"font-family: georgia, palatino, serif;\">Tous les contenus (textes, images, photographies, illustrations, logos, etc.) pr\u00e9sents sur le site <a href=\"http:\/\/www.mossdolli.com\" target=\"_new\" rel=\"noopener\" data-start=\"966\" data-end=\"983\">www.mossdolli.com<\/a> sont la propri\u00e9t\u00e9 exclusive de Moss Dolli, sauf indication contraire.<\/span><\/p>\n<p data-start=\"1055\" data-end=\"1280\"><span style=\"font-family: georgia, palatino, serif;\">Toute reproduction, repr\u00e9sentation, modification, publication, adaptation de tout ou partie des \u00e9l\u00e9ments du site, quel que soit le moyen ou le proc\u00e9d\u00e9 utilis\u00e9, est interdite sans l\u2019autorisation \u00e9crite pr\u00e9alable de Moss Dolli.<\/span><\/p>\n<hr data-start=\"1282\" data-end=\"1285\" \/>\n<h3 data-start=\"1287\" data-end=\"1305\"><span style=\"font-family: georgia, palatino, serif;\">Responsabilit\u00e9<\/span><\/h3>\n<p data-start=\"1307\" data-end=\"1570\"><span style=\"font-family: georgia, palatino, serif;\">Moss Dolli s\u2019efforce de fournir des informations aussi pr\u00e9cises que possible sur son site. Toutefois, elle ne pourra \u00eatre tenue responsable des omissions, inexactitudes ou carences dans la mise \u00e0 jour, qu&rsquo;elles soient de son fait ou du fait des tiers partenaires.<\/span><\/p>\n<hr data-start=\"1572\" data-end=\"1575\" \/>\n<h3 data-start=\"1577\" data-end=\"1601\"><span style=\"font-family: georgia, palatino, serif;\">Donn\u00e9es personnelles<\/span><\/h3>\n<p data-start=\"1603\" data-end=\"1812\"><span style=\"font-family: georgia, palatino, serif;\">Les donn\u00e9es personnelles collect\u00e9es via le site sont utilis\u00e9es uniquement dans le cadre de la gestion des commandes, de la relation client, et de la newsletter. Elles ne sont ni c\u00e9d\u00e9es, ni vendues \u00e0 des tiers.<\/span><\/p>\n<p data-start=\"1814\" data-end=\"2001\"><span style=\"font-family: georgia, palatino, serif;\">Conform\u00e9ment au RGPD, vous disposez d\u2019un droit d\u2019acc\u00e8s, de rectification et de suppression de vos donn\u00e9es personnelles. Pour exercer ce droit, contactez-nous \u00e0 : <strong data-start=\"1976\" data-end=\"2001\"><a rel=\"noopener\" data-start=\"1978\" data-end=\"1999\">contact@mossdolli.com<\/a><\/strong><\/span><\/p>\n<hr data-start=\"2003\" data-end=\"2006\" \/>\n<h3 data-start=\"2008\" data-end=\"2019\"><span style=\"font-family: georgia, palatino, serif;\">Cookies<\/span><\/h3>\n<p data-start=\"2021\" data-end=\"2304\"><span style=\"font-family: georgia, palatino, serif;\">Le site <a href=\"http:\/\/www.mossdolli.com\" target=\"_new\" rel=\"noopener\" data-start=\"2029\" data-end=\"2046\">www.mossdolli.com<\/a> utilise des cookies pour am\u00e9liorer l\u2019exp\u00e9rience utilisateur. Vous pouvez accepter, refuser ou personnaliser l\u2019utilisation des cookies via la banni\u00e8re pr\u00e9vue \u00e0 cet effet. Pour en savoir plus, consultez notre <a href=\"https:\/\/mossdolli.com\/?page_id=3\" rel=\"noopener\" data-start=\"2254\" data-end=\"2303\">Politique de confidentialit\u00e9<\/a><\/span><\/p>\n\n\n<p><\/p>\n","protected":false},"excerpt":{"rendered":"<p>Mentions l\u00e9gales \u00c9diteur du site Nom de l\u2019entreprise : Moss DolliStatut : Entreprise individuelle\u00a0Responsable de la publication : Tabara CamaraAdresse [&hellip;]<\/p>\n","protected":false},"author":1,"featured_media":0,"parent":217,"menu_order":10,"comment_status":"closed","ping_status":"closed","template":"elementor_theme","meta":{"site-sidebar-layout":"no-sidebar","site-content-layout":"","ast-site-content-layout":"full-width-container","site-content-style":"default","site-sidebar-style":"default","ast-global-header-display":"","ast-banner-title-visibility":"","ast-main-header-display":"","ast-hfb-above-header-display":"","ast-hfb-below-header-display":"","ast-hfb-mobile-header-display":"","site-post-title":"disabled","ast-breadcrumbs-content":"","ast-featured-img":"disabled","footer-sml-layout":"","ast-disable-related-posts":"","theme-transparent-header-meta":"","adv-header-id-meta":"","stick-header-meta":"","header-above-stick-meta":"","header-main-stick-meta":"","header-below-stick-meta":"","astra-migrate-meta-layouts":"default","ast-page-background-enabled":"default","ast-page-background-meta":{"desktop":{"background-color":"var(--ast-global-color-5)","background-image":"","background-repeat":"repeat","background-position":"center center","background-size":"auto","background-attachment":"scroll","background-type":"","background-media":"","overlay-type":"","overlay-color":"","overlay-opacity":"","overlay-gradient":""},"tablet":{"background-color":"","background-image":"","background-repeat":"repeat","background-position":"center center","background-size":"auto","background-attachment":"scroll","background-type":"","background-media":"","overlay-type":"","overlay-color":"","overlay-opacity":"","overlay-gradient":""},"mobile":{"background-color":"","background-image":"","background-repeat":"repeat","background-position":"center center","background-size":"auto","background-attachment":"scroll","background-type":"","background-media":"","overlay-type":"","overlay-color":"","overlay-opacity":"","overlay-gradient":""}},"ast-content-background-meta":{"desktop":{"background-color":"var(--ast-global-color-4)","background-image":"","background-repeat":"repeat","background-position":"center center","background-size":"auto","background-attachment":"scroll","background-type":"","background-media":"","overlay-type":"","overlay-color":"","overlay-opacity":"","overlay-gradient":""},"tablet":{"background-color":"var(--ast-global-color-4)","background-image":"","background-repeat":"repeat","background-position":"center center","background-size":"auto","background-attachment":"scroll","background-type":"","background-media":"","overlay-type":"","overlay-color":"","overlay-opacity":"","overlay-gradient":""},"mobile":{"background-color":"var(--ast-global-color-4)","background-image":"","background-repeat":"repeat","background-position":"center center","background-size":"auto","background-attachment":"scroll","background-type":"","background-media":"","overlay-type":"","overlay-color":"","overlay-opacity":"","overlay-gradient":""}},"footnotes":""},"class_list":["post-222","page","type-page","status-publish","hentry"],"_links":{"self":[{"href":"https:\/\/mossdolli.com\/index.php?rest_route=\/wp\/v2\/pages\/222","targetHints":{"allow":["GET"]}}],"collection":[{"href":"https:\/\/mossdolli.com\/index.php?rest_route=\/wp\/v2\/pages"}],"about":[{"href":"https:\/\/mossdolli.com\/index.php?rest_route=\/wp\/v2\/types\/page"}],"author":[{"embeddable":true,"href":"https:\/\/mossdolli.com\/index.php?rest_route=\/wp\/v2\/users\/1"}],"replies":[{"embeddable":true,"href":"https:\/\/mossdolli.com\/index.php?rest_route=%2Fwp%2Fv2%2Fcomments&post=222"}],"version-history":[{"count":16,"href":"https:\/\/mossdolli.com\/index.php?rest_route=\/wp\/v2\/pages\/222\/revisions"}],"predecessor-version":[{"id":785,"href":"https:\/\/mossdolli.com\/index.php?rest_route=\/wp\/v2\/pages\/222\/revisions\/785"}],"up":[{"embeddable":true,"href":"https:\/\/mossdolli.com\/index.php?rest_route=\/wp\/v2\/pages\/217"}],"wp:attachment":[{"href":"https:\/\/mossdolli.com\/index.php?rest_route=%2Fwp%2Fv2%2Fmedia&parent=222"}],"curies":[{"name":"wp","href":"https:\/\/api.w.org\/{rel}","templated":true}]}}