{"id":1481,"date":"2025-12-29T15:07:26","date_gmt":"2025-12-29T14:07:26","guid":{"rendered":"https:\/\/mossdolli.com\/?post_type=product&#038;p=1481"},"modified":"2026-02-15T11:38:26","modified_gmt":"2026-02-15T10:38:26","slug":"mama-secret-bouillon-naturel","status":"publish","type":"product","link":"https:\/\/mossdolli.com\/?product=mama-secret-bouillon-naturel","title":{"rendered":"MAMA SECRET \u2013 Bouillon Naturel Artisanal"},"content":{"rendered":"<p>Le <strong data-start=\"1779\" data-end=\"1805\">Mama Secret Moss Dolli<\/strong> est un bouillon naturel pr\u00e9par\u00e9 \u00e0 partir de l\u00e9gumes, herbes et \u00e9pices soigneusement s\u00e9lectionn\u00e9s.<\/p>\n<p data-start=\"1905\" data-end=\"2023\">Il remplace parfaitement les bouillons industriels tout en apportant une saveur authentique et \u00e9quilibr\u00e9e \u00e0 vos plats.<\/p>\n<h3 data-start=\"2025\" data-end=\"2043\">Id\u00e9al pour :<\/h3>\n<ul data-start=\"2044\" data-end=\"2105\">\n<li data-start=\"2044\" data-end=\"2054\">\n<p data-start=\"2046\" data-end=\"2054\">Soupes<\/p>\n<\/li>\n<li data-start=\"2055\" data-end=\"2062\">\n<p data-start=\"2057\" data-end=\"2062\">Riz<\/p>\n<\/li>\n<li data-start=\"2063\" data-end=\"2073\">\n<p data-start=\"2065\" data-end=\"2073\">Sauces<\/p>\n<\/li>\n<li data-start=\"2074\" data-end=\"2087\">\n<p data-start=\"2076\" data-end=\"2087\">Marinades<\/p>\n<\/li>\n<li data-start=\"2088\" data-end=\"2105\">\n<p data-start=\"2090\" data-end=\"2105\">Plats mijot\u00e9s<\/p>\n<\/li>\n<\/ul>\n<h3 data-start=\"2107\" data-end=\"2125\">Utilisation<\/h3>\n<p data-start=\"2126\" data-end=\"2180\">\u2022 1 cuill\u00e8re \u00e0 caf\u00e9 pour 250 ml d\u2019eau ou de sauce<br data-start=\"919\" data-end=\"922\" \/>\u2022 \u00c0 incorporer directement dans vos plats<\/p>\n<h3 data-start=\"2182\" data-end=\"2200\">Ingr\u00e9dients<\/h3>\n<p data-start=\"2201\" data-end=\"2307\">Oignon, ail, carotte, c\u00e9leri, poireau, persil, basilic, laurier, sel marin, levure nutritionnelle, poivre.<\/p>\n<p data-start=\"2201\" data-end=\"2307\">SANS ADDITIFS ET CONSERVATEURS. 100% Naturel.<\/p>\n<h3 data-start=\"2388\" data-end=\"2407\">Conservation<\/h3>\n<p data-start=\"2408\" data-end=\"2460\">\u00c0 conserver \u00e0 l\u2019abri de l\u2019humidit\u00e9 et de la lumi\u00e8re.<\/p>\n<p data-start=\"2408\" data-end=\"2460\">Poids net : 85g<\/p>\n<h3 data-start=\"1106\" data-end=\"1147\"><\/h3>\n<h3 data-start=\"1106\" data-end=\"1147\">Valeurs nutritionnelles (moyennes)<\/h3>\n<div class=\"TyagGW_tableContainer\">\n<div class=\"group TyagGW_tableWrapper flex w-fit flex-col-reverse\" tabindex=\"-1\">\n<table class=\"w-fit min-w-(--thread-content-width)\" data-start=\"1149\" data-end=\"1462\">\n<thead data-start=\"1149\" data-end=\"1183\">\n<tr data-start=\"1149\" data-end=\"1183\">\n<th data-start=\"1149\" data-end=\"1162\" data-col-size=\"sm\">Pour 100 g<\/th>\n<th data-start=\"1162\" data-end=\"1183\" data-col-size=\"sm\">Par portion (5 g)<\/th>\n<\/tr>\n<\/thead>\n<tbody data-start=\"1217\" data-end=\"1462\">\n<tr data-start=\"1217\" data-end=\"1249\">\n<td data-start=\"1217\" data-end=\"1238\" data-col-size=\"sm\">\u00c9nergie : 269 kcal<\/td>\n<td data-start=\"1238\" data-end=\"1249\" data-col-size=\"sm\">13 kcal<\/td>\n<\/tr>\n<tr data-start=\"1250\" data-end=\"1287\">\n<td data-start=\"1250\" data-end=\"1277\" data-col-size=\"sm\">Mati\u00e8res grasses : 3,2 g<\/td>\n<td data-start=\"1277\" data-end=\"1287\" data-col-size=\"sm\">0,16 g<\/td>\n<\/tr>\n<tr data-start=\"1288\" data-end=\"1322\">\n<td data-start=\"1288\" data-end=\"1312\" data-col-size=\"sm\">Dont satur\u00e9es : 0,3 g<\/td>\n<td data-start=\"1312\" data-end=\"1322\" data-col-size=\"sm\">0,02 g<\/td>\n<\/tr>\n<tr data-start=\"1323\" data-end=\"1351\">\n<td data-start=\"1323\" data-end=\"1341\" data-col-size=\"sm\">Glucides : 47 g<\/td>\n<td data-start=\"1341\" data-end=\"1351\" data-col-size=\"sm\">2,35 g<\/td>\n<\/tr>\n<tr data-start=\"1352\" data-end=\"1383\">\n<td data-start=\"1352\" data-end=\"1373\" data-col-size=\"sm\">Dont sucres : 21 g<\/td>\n<td data-start=\"1373\" data-end=\"1383\" data-col-size=\"sm\">1,05 g<\/td>\n<\/tr>\n<tr data-start=\"1384\" data-end=\"1409\">\n<td data-start=\"1384\" data-end=\"1399\" data-col-size=\"sm\">Fibres : 9 g<\/td>\n<td data-start=\"1399\" data-end=\"1409\" data-col-size=\"sm\">0,45 g<\/td>\n<\/tr>\n<tr data-start=\"1410\" data-end=\"1438\">\n<td data-start=\"1410\" data-end=\"1429\" data-col-size=\"sm\">Prot\u00e9ines : 10 g<\/td>\n<td data-start=\"1429\" data-end=\"1438\" data-col-size=\"sm\">0,5 g<\/td>\n<\/tr>\n<tr data-start=\"1439\" data-end=\"1462\">\n<td data-start=\"1439\" data-end=\"1452\" data-col-size=\"sm\">Sel : 25 g<\/td>\n<td data-start=\"1452\" data-end=\"1462\" data-col-size=\"sm\">1,25 g<\/td>\n<\/tr>\n<\/tbody>\n<\/table>\n<\/div>\n<\/div>\n<p data-start=\"1491\" data-end=\"1545\">\n","protected":false},"excerpt":{"rendered":"<p data-start=\"1601\" data-end=\"1711\">Bouillon naturel aux l\u00e9gumes. Alternative saine aux cubes industriels. Go\u00fbt maison et sans additifs.<\/p>\n","protected":false},"featured_media":1516,"comment_status":"open","ping_status":"closed","template":"","meta":{"site-sidebar-layout":"default","site-content-layout":"","ast-site-content-layout":"default","site-content-style":"default","site-sidebar-style":"default","ast-global-header-display":"","ast-banner-title-visibility":"","ast-main-header-display":"","ast-hfb-above-header-display":"","ast-hfb-below-header-display":"","ast-hfb-mobile-header-display":"","site-post-title":"","ast-breadcrumbs-content":"","ast-featured-img":"","footer-sml-layout":"","ast-disable-related-posts":"","theme-transparent-header-meta":"default","adv-header-id-meta":"","stick-header-meta":"","header-above-stick-meta":"","header-main-stick-meta":"","header-below-stick-meta":"","astra-migrate-meta-layouts":"set","ast-page-background-enabled":"default","ast-page-background-meta":{"desktop":{"background-color":"var(--ast-global-color-5)","background-image":"","background-repeat":"repeat","background-position":"center center","background-size":"auto","background-attachment":"scroll","background-type":"","background-media":"","overlay-type":"","overlay-color":"","overlay-opacity":"","overlay-gradient":""},"tablet":{"background-color":"","background-image":"","background-repeat":"repeat","background-position":"center center","background-size":"auto","background-attachment":"scroll","background-type":"","background-media":"","overlay-type":"","overlay-color":"","overlay-opacity":"","overlay-gradient":""},"mobile":{"background-color":"","background-image":"","background-repeat":"repeat","background-position":"center center","background-size":"auto","background-attachment":"scroll","background-type":"","background-media":"","overlay-type":"","overlay-color":"","overlay-opacity":"","overlay-gradient":""}},"ast-content-background-meta":{"desktop":{"background-color":"var(--ast-global-color-4)","background-image":"","background-repeat":"repeat","background-position":"center center","background-size":"auto","background-attachment":"scroll","background-type":"","background-media":"","overlay-type":"","overlay-color":"","overlay-opacity":"","overlay-gradient":""},"tablet":{"background-color":"var(--ast-global-color-4)","background-image":"","background-repeat":"repeat","background-position":"center center","background-size":"auto","background-attachment":"scroll","background-type":"","background-media":"","overlay-type":"","overlay-color":"","overlay-opacity":"","overlay-gradient":""},"mobile":{"background-color":"var(--ast-global-color-4)","background-image":"","background-repeat":"repeat","background-position":"center center","background-size":"auto","background-attachment":"scroll","background-type":"","background-media":"","overlay-type":"","overlay-color":"","overlay-opacity":"","overlay-gradient":""}}},"product_brand":[],"product_cat":[29],"product_tag":[30,31],"class_list":{"0":"post-1481","1":"product","2":"type-product","3":"status-publish","4":"has-post-thumbnail","6":"product_cat-epices-assaisonnements","7":"product_tag-bouillon","8":"product_tag-epices","9":"desktop-align-left","10":"tablet-align-left","11":"mobile-align-left","13":"first","14":"onbackorder","15":"shipping-taxable","16":"purchasable","17":"product-type-simple"},"_links":{"self":[{"href":"https:\/\/mossdolli.com\/index.php?rest_route=\/wp\/v2\/product\/1481","targetHints":{"allow":["GET"]}}],"collection":[{"href":"https:\/\/mossdolli.com\/index.php?rest_route=\/wp\/v2\/product"}],"about":[{"href":"https:\/\/mossdolli.com\/index.php?rest_route=\/wp\/v2\/types\/product"}],"replies":[{"embeddable":true,"href":"https:\/\/mossdolli.com\/index.php?rest_route=%2Fwp%2Fv2%2Fcomments&post=1481"}],"wp:featuredmedia":[{"embeddable":true,"href":"https:\/\/mossdolli.com\/index.php?rest_route=\/wp\/v2\/media\/1516"}],"wp:attachment":[{"href":"https:\/\/mossdolli.com\/index.php?rest_route=%2Fwp%2Fv2%2Fmedia&parent=1481"}],"wp:term":[{"taxonomy":"product_brand","embeddable":true,"href":"https:\/\/mossdolli.com\/index.php?rest_route=%2Fwp%2Fv2%2Fproduct_brand&post=1481"},{"taxonomy":"product_cat","embeddable":true,"href":"https:\/\/mossdolli.com\/index.php?rest_route=%2Fwp%2Fv2%2Fproduct_cat&post=1481"},{"taxonomy":"product_tag","embeddable":true,"href":"https:\/\/mossdolli.com\/index.php?rest_route=%2Fwp%2Fv2%2Fproduct_tag&post=1481"}],"curies":[{"name":"wp","href":"https:\/\/api.w.org\/{rel}","templated":true}]}}