{"id":1483,"date":"2025-12-29T15:13:52","date_gmt":"2025-12-29T14:13:52","guid":{"rendered":"https:\/\/mossdolli.com\/?post_type=product&#038;p=1483"},"modified":"2026-04-03T14:02:52","modified_gmt":"2026-04-03T12:02:52","slug":"suya-spice-epices-grillades-a-la-cacahuete","status":"publish","type":"product","link":"https:\/\/mossdolli.com\/?product=suya-spice-epices-grillades-a-la-cacahuete","title":{"rendered":"SUYA SPICE \u2013 M\u00e9lange d\u2019\u00e9pices africaines pour grillades"},"content":{"rendered":"<p data-start=\"2829\" data-end=\"3007\">Le <strong data-start=\"2832\" data-end=\"2857\">Suya Spice Moss Dolli<\/strong> est inspir\u00e9 des c\u00e9l\u00e8bres brochettes africaines.<\/p>\n<p data-start=\"2829\" data-end=\"3007\">Le <strong data-start=\"3568\" data-end=\"3593\">Suya Spice Moss Dolli<\/strong> est un m\u00e9lange traditionnel d\u2019Afrique de l\u2019Ouest inspir\u00e9 des c\u00e9l\u00e8bres brochettes africaines. Riche en saveurs et l\u00e9g\u00e8rement piment\u00e9, son go\u00fbt fum\u00e9 apporte une saveur unique \u00e0 vos viandes et l\u00e9gumes.<\/p>\n<h3 data-start=\"3014\" data-end=\"3034\">Utilisation<\/h3>\n<p data-start=\"3035\" data-end=\"3195\">\u2022 1 cuill\u00e8re \u00e0 soupe pour 300 g<br data-start=\"3066\" data-end=\"3069\" \/>\u2022 M\u00e9langer avec un peu d\u2019huile pour former une p\u00e2te<br data-start=\"3120\" data-end=\"3123\" \/>\u2022 Laisser mariner puis griller<br data-start=\"3153\" data-end=\"3156\" \/>\u2022 Peut aussi \u00eatre saupoudr\u00e9 directement<\/p>\n<h3 data-start=\"3202\" data-end=\"3222\"><\/h3>\n<h3 data-start=\"3202\" data-end=\"3222\">Ingr\u00e9dients<\/h3>\n<p data-start=\"3223\" data-end=\"3326\">Cacahu\u00e8tes grill\u00e9es, paprika, piment fort, gingembre, ail, oignon, poivre, sel marin, bouillon naturel.<\/p>\n<p data-start=\"3223\" data-end=\"3326\">Poids net : 65g<\/p>\n<h3 data-start=\"3333\" data-end=\"3363\"><\/h3>\n<h3 data-start=\"3333\" data-end=\"3363\">Valeurs nutritionnelles<\/h3>\n<div class=\"TyagGW_tableContainer\">\n<div class=\"group TyagGW_tableWrapper flex w-fit flex-col-reverse\" tabindex=\"-1\">\n<table class=\"w-fit min-w-(--thread-content-width)\" data-start=\"3365\" data-end=\"3679\">\n<thead data-start=\"3365\" data-end=\"3400\">\n<tr data-start=\"3365\" data-end=\"3400\">\n<th data-start=\"3365\" data-end=\"3378\" data-col-size=\"sm\">Pour 100 g<\/th>\n<th data-start=\"3378\" data-end=\"3400\" data-col-size=\"sm\">Par portion (10 g)<\/th>\n<\/tr>\n<\/thead>\n<tbody data-start=\"3435\" data-end=\"3679\">\n<tr data-start=\"3435\" data-end=\"3467\">\n<td data-start=\"3435\" data-end=\"3456\" data-col-size=\"sm\">\u00c9nergie : 371 kcal<\/td>\n<td data-start=\"3456\" data-end=\"3467\" data-col-size=\"sm\">37 kcal<\/td>\n<\/tr>\n<tr data-start=\"3468\" data-end=\"3503\">\n<td data-start=\"3468\" data-end=\"3494\" data-col-size=\"sm\">Mati\u00e8res grasses : 25 g<\/td>\n<td data-start=\"3494\" data-end=\"3503\" data-col-size=\"sm\">2,5 g<\/td>\n<\/tr>\n<tr data-start=\"3504\" data-end=\"3538\">\n<td data-start=\"3504\" data-end=\"3528\" data-col-size=\"sm\">Dont satur\u00e9es : 4,5 g<\/td>\n<td data-start=\"3528\" data-end=\"3538\" data-col-size=\"sm\">0,45 g<\/td>\n<\/tr>\n<tr data-start=\"3539\" data-end=\"3566\">\n<td data-start=\"3539\" data-end=\"3557\" data-col-size=\"sm\">Glucides : 17 g<\/td>\n<td data-start=\"3557\" data-end=\"3566\" data-col-size=\"sm\">1,7 g<\/td>\n<\/tr>\n<tr data-start=\"3567\" data-end=\"3599\">\n<td data-start=\"3567\" data-end=\"3589\" data-col-size=\"sm\">Dont sucres : 5,8 g<\/td>\n<td data-start=\"3589\" data-end=\"3599\" data-col-size=\"sm\">0,58 g<\/td>\n<\/tr>\n<tr data-start=\"3600\" data-end=\"3624\">\n<td data-start=\"3600\" data-end=\"3615\" data-col-size=\"sm\">Fibres : 8 g<\/td>\n<td data-start=\"3615\" data-end=\"3624\" data-col-size=\"sm\">0,8 g<\/td>\n<\/tr>\n<tr data-start=\"3625\" data-end=\"3653\">\n<td data-start=\"3625\" data-end=\"3644\" data-col-size=\"sm\">Prot\u00e9ines : 14 g<\/td>\n<td data-start=\"3644\" data-end=\"3653\" data-col-size=\"sm\">1,4 g<\/td>\n<\/tr>\n<tr data-start=\"3654\" data-end=\"3679\">\n<td data-start=\"3654\" data-end=\"3670\" data-col-size=\"sm\">Sel : 13,25 g<\/td>\n<td data-start=\"3670\" data-end=\"3679\" data-col-size=\"sm\">1,3 g<\/td>\n<\/tr>\n<\/tbody>\n<\/table>\n<\/div>\n<\/div>\n","protected":false},"excerpt":{"rendered":"<p>\u00c9pices suya \u00e0 base de cacahu\u00e8te, piment et \u00e9pices. Parfait pour grillades et viandes marin\u00e9es.<\/p>\n","protected":false},"featured_media":1515,"comment_status":"open","ping_status":"closed","template":"","meta":{"site-sidebar-layout":"default","site-content-layout":"","ast-site-content-layout":"default","site-content-style":"default","site-sidebar-style":"default","ast-global-header-display":"","ast-banner-title-visibility":"","ast-main-header-display":"","ast-hfb-above-header-display":"","ast-hfb-below-header-display":"","ast-hfb-mobile-header-display":"","site-post-title":"","ast-breadcrumbs-content":"","ast-featured-img":"","footer-sml-layout":"","ast-disable-related-posts":"","theme-transparent-header-meta":"default","adv-header-id-meta":"","stick-header-meta":"","header-above-stick-meta":"","header-main-stick-meta":"","header-below-stick-meta":"","astra-migrate-meta-layouts":"set","ast-page-background-enabled":"default","ast-page-background-meta":{"desktop":{"background-color":"var(--ast-global-color-5)","background-image":"","background-repeat":"repeat","background-position":"center center","background-size":"auto","background-attachment":"scroll","background-type":"","background-media":"","overlay-type":"","overlay-color":"","overlay-opacity":"","overlay-gradient":""},"tablet":{"background-color":"","background-image":"","background-repeat":"repeat","background-position":"center center","background-size":"auto","background-attachment":"scroll","background-type":"","background-media":"","overlay-type":"","overlay-color":"","overlay-opacity":"","overlay-gradient":""},"mobile":{"background-color":"","background-image":"","background-repeat":"repeat","background-position":"center center","background-size":"auto","background-attachment":"scroll","background-type":"","background-media":"","overlay-type":"","overlay-color":"","overlay-opacity":"","overlay-gradient":""}},"ast-content-background-meta":{"desktop":{"background-color":"var(--ast-global-color-4)","background-image":"","background-repeat":"repeat","background-position":"center center","background-size":"auto","background-attachment":"scroll","background-type":"","background-media":"","overlay-type":"","overlay-color":"","overlay-opacity":"","overlay-gradient":""},"tablet":{"background-color":"var(--ast-global-color-4)","background-image":"","background-repeat":"repeat","background-position":"center center","background-size":"auto","background-attachment":"scroll","background-type":"","background-media":"","overlay-type":"","overlay-color":"","overlay-opacity":"","overlay-gradient":""},"mobile":{"background-color":"var(--ast-global-color-4)","background-image":"","background-repeat":"repeat","background-position":"center center","background-size":"auto","background-attachment":"scroll","background-type":"","background-media":"","overlay-type":"","overlay-color":"","overlay-opacity":"","overlay-gradient":""}}},"product_brand":[],"product_cat":[29],"product_tag":[30,31],"class_list":{"0":"post-1483","1":"product","2":"type-product","3":"status-publish","4":"has-post-thumbnail","6":"product_cat-epices-assaisonnements","7":"product_tag-bouillon","8":"product_tag-epices","9":"desktop-align-left","10":"tablet-align-left","11":"mobile-align-left","13":"first","14":"onbackorder","15":"shipping-taxable","16":"purchasable","17":"product-type-simple"},"_links":{"self":[{"href":"https:\/\/mossdolli.com\/index.php?rest_route=\/wp\/v2\/product\/1483","targetHints":{"allow":["GET"]}}],"collection":[{"href":"https:\/\/mossdolli.com\/index.php?rest_route=\/wp\/v2\/product"}],"about":[{"href":"https:\/\/mossdolli.com\/index.php?rest_route=\/wp\/v2\/types\/product"}],"replies":[{"embeddable":true,"href":"https:\/\/mossdolli.com\/index.php?rest_route=%2Fwp%2Fv2%2Fcomments&post=1483"}],"wp:featuredmedia":[{"embeddable":true,"href":"https:\/\/mossdolli.com\/index.php?rest_route=\/wp\/v2\/media\/1515"}],"wp:attachment":[{"href":"https:\/\/mossdolli.com\/index.php?rest_route=%2Fwp%2Fv2%2Fmedia&parent=1483"}],"wp:term":[{"taxonomy":"product_brand","embeddable":true,"href":"https:\/\/mossdolli.com\/index.php?rest_route=%2Fwp%2Fv2%2Fproduct_brand&post=1483"},{"taxonomy":"product_cat","embeddable":true,"href":"https:\/\/mossdolli.com\/index.php?rest_route=%2Fwp%2Fv2%2Fproduct_cat&post=1483"},{"taxonomy":"product_tag","embeddable":true,"href":"https:\/\/mossdolli.com\/index.php?rest_route=%2Fwp%2Fv2%2Fproduct_tag&post=1483"}],"curies":[{"name":"wp","href":"https:\/\/api.w.org\/{rel}","templated":true}]}}