{"id":1486,"date":"2025-12-29T15:28:53","date_gmt":"2025-12-29T14:28:53","guid":{"rendered":"https:\/\/mossdolli.com\/?post_type=product&#038;p=1486"},"modified":"2026-03-29T21:42:59","modified_gmt":"2026-03-29T19:42:59","slug":"passion-mango-infusion-tropicale","status":"publish","type":"product","link":"https:\/\/mossdolli.com\/?product=passion-mango-infusion-tropicale","title":{"rendered":"PASSION MANGO \u2013 Infusion tropicale"},"content":{"rendered":"<p data-start=\"5317\" data-end=\"5445\"><strong data-start=\"5317\" data-end=\"5334\">Passion Mango<\/strong> se distingue par son profil lumineux et exotique. La mangue et le fruit de la passion apportent une touche solaire, \u00e9quilibr\u00e9e par des notes v\u00e9g\u00e9tales et l\u00e9g\u00e8rement acidul\u00e9es. Rafra\u00eechissante et expressive, cette infusion \u00e9voque les boissons fruit\u00e9es servies lors des journ\u00e9es chaudes et des repas conviviaux.<\/p>\n<h3 data-start=\"2033\" data-end=\"2056\">Moment Moss Dolli<\/h3>\n<p data-start=\"2057\" data-end=\"2142\">Infusion chaude ou glac\u00e9e, parfaite en journ\u00e9e ou pour accompagner un repas l\u00e9ger.<\/p>\n<h3 data-start=\"5452\" data-end=\"5472\"><\/h3>\n<h3 data-start=\"5452\" data-end=\"5472\">Pr\u00e9paration<\/h3>\n<p data-start=\"5473\" data-end=\"5548\">\u2022 Dosage : 12\u201315 g \/ L<br data-start=\"5495\" data-end=\"5498\" \/>\u2022 Infusion : 7\u201310 min<br data-start=\"5519\" data-end=\"5522\" \/>\u2022 Temp\u00e9rature : 70\u201380 \u00b0C<\/p>\n<h3 data-start=\"5555\" data-end=\"5575\"><\/h3>\n<h3 data-start=\"5555\" data-end=\"5575\">Ingr\u00e9dients<\/h3>\n<p data-start=\"5576\" data-end=\"5710\">Pomme*, citronnelle*, \u00e9corces d\u2019orange*, cynorrhodon*, hibiscus*, mangue*, fruit de la passion*<br data-start=\"5671\" data-end=\"5674\" \/>(*issus de l\u2019agriculture biologique)<\/p>\n<h3 data-start=\"2730\" data-end=\"2758\">Conseils d\u2019utilisation<\/h3>\n<p data-start=\"2759\" data-end=\"2849\">D\u00e9licieuse chaude ou glac\u00e9e, id\u00e9ale pour accompagner un repas ou se rafra\u00eechir en journ\u00e9e.<\/p>\n<h3 data-start=\"2851\" data-end=\"2876\">L\u2019esprit Moss Dolli<\/h3>\n<p data-start=\"2877\" data-end=\"2960\">Une infusion lumineuse et g\u00e9n\u00e9reuse, inspir\u00e9e des saveurs tropicales et du partage.<\/p>\n","protected":false},"excerpt":{"rendered":"<p>Infusion fruit\u00e9e aux notes exotiques et d&rsquo;agrumes<\/p>\n<p><strong>\u2600\ufe0f Fra\u00eeche &amp; conviviale<\/strong><\/p>\n","protected":false},"featured_media":1496,"comment_status":"open","ping_status":"closed","template":"","meta":{"site-sidebar-layout":"default","site-content-layout":"","ast-site-content-layout":"default","site-content-style":"default","site-sidebar-style":"default","ast-global-header-display":"","ast-banner-title-visibility":"","ast-main-header-display":"","ast-hfb-above-header-display":"","ast-hfb-below-header-display":"","ast-hfb-mobile-header-display":"","site-post-title":"","ast-breadcrumbs-content":"","ast-featured-img":"","footer-sml-layout":"","ast-disable-related-posts":"","theme-transparent-header-meta":"default","adv-header-id-meta":"","stick-header-meta":"","header-above-stick-meta":"","header-main-stick-meta":"","header-below-stick-meta":"","astra-migrate-meta-layouts":"set","ast-page-background-enabled":"default","ast-page-background-meta":{"desktop":{"background-color":"var(--ast-global-color-5)","background-image":"","background-repeat":"repeat","background-position":"center center","background-size":"auto","background-attachment":"scroll","background-type":"","background-media":"","overlay-type":"","overlay-color":"","overlay-opacity":"","overlay-gradient":""},"tablet":{"background-color":"","background-image":"","background-repeat":"repeat","background-position":"center center","background-size":"auto","background-attachment":"scroll","background-type":"","background-media":"","overlay-type":"","overlay-color":"","overlay-opacity":"","overlay-gradient":""},"mobile":{"background-color":"","background-image":"","background-repeat":"repeat","background-position":"center center","background-size":"auto","background-attachment":"scroll","background-type":"","background-media":"","overlay-type":"","overlay-color":"","overlay-opacity":"","overlay-gradient":""}},"ast-content-background-meta":{"desktop":{"background-color":"var(--ast-global-color-4)","background-image":"","background-repeat":"repeat","background-position":"center center","background-size":"auto","background-attachment":"scroll","background-type":"","background-media":"","overlay-type":"","overlay-color":"","overlay-opacity":"","overlay-gradient":""},"tablet":{"background-color":"var(--ast-global-color-4)","background-image":"","background-repeat":"repeat","background-position":"center center","background-size":"auto","background-attachment":"scroll","background-type":"","background-media":"","overlay-type":"","overlay-color":"","overlay-opacity":"","overlay-gradient":""},"mobile":{"background-color":"var(--ast-global-color-4)","background-image":"","background-repeat":"repeat","background-position":"center center","background-size":"auto","background-attachment":"scroll","background-type":"","background-media":"","overlay-type":"","overlay-color":"","overlay-opacity":"","overlay-gradient":""}}},"product_brand":[],"product_cat":[33],"product_tag":[34,35],"class_list":{"0":"post-1486","1":"product","2":"type-product","3":"status-publish","4":"has-post-thumbnail","6":"product_cat-thes-infusions","7":"product_tag-infusions","8":"product_tag-thes","9":"desktop-align-left","10":"tablet-align-left","11":"mobile-align-left","13":"first","14":"instock","15":"shipping-taxable","16":"purchasable","17":"product-type-simple"},"_links":{"self":[{"href":"https:\/\/mossdolli.com\/index.php?rest_route=\/wp\/v2\/product\/1486","targetHints":{"allow":["GET"]}}],"collection":[{"href":"https:\/\/mossdolli.com\/index.php?rest_route=\/wp\/v2\/product"}],"about":[{"href":"https:\/\/mossdolli.com\/index.php?rest_route=\/wp\/v2\/types\/product"}],"replies":[{"embeddable":true,"href":"https:\/\/mossdolli.com\/index.php?rest_route=%2Fwp%2Fv2%2Fcomments&post=1486"}],"wp:featuredmedia":[{"embeddable":true,"href":"https:\/\/mossdolli.com\/index.php?rest_route=\/wp\/v2\/media\/1496"}],"wp:attachment":[{"href":"https:\/\/mossdolli.com\/index.php?rest_route=%2Fwp%2Fv2%2Fmedia&parent=1486"}],"wp:term":[{"taxonomy":"product_brand","embeddable":true,"href":"https:\/\/mossdolli.com\/index.php?rest_route=%2Fwp%2Fv2%2Fproduct_brand&post=1486"},{"taxonomy":"product_cat","embeddable":true,"href":"https:\/\/mossdolli.com\/index.php?rest_route=%2Fwp%2Fv2%2Fproduct_cat&post=1486"},{"taxonomy":"product_tag","embeddable":true,"href":"https:\/\/mossdolli.com\/index.php?rest_route=%2Fwp%2Fv2%2Fproduct_tag&post=1486"}],"curies":[{"name":"wp","href":"https:\/\/api.w.org\/{rel}","templated":true}]}}