{"id":1487,"date":"2025-12-29T15:31:46","date_gmt":"2025-12-29T14:31:46","guid":{"rendered":"https:\/\/mossdolli.com\/?post_type=product&#038;p=1487"},"modified":"2026-01-19T16:18:25","modified_gmt":"2026-01-19T15:18:25","slug":"berry-bliss-infusion-fruits-rouges","status":"publish","type":"product","link":"https:\/\/mossdolli.com\/?product=berry-bliss-infusion-fruits-rouges","title":{"rendered":"BERRY BLISS \u2013 Infusion fruits rouges"},"content":{"rendered":"<p data-start=\"5872\" data-end=\"5978\"><strong data-start=\"5872\" data-end=\"5887\">Berry Bliss<\/strong>\u00a0est une infusion intens\u00e9ment fruit\u00e9e, marqu\u00e9e par la richesse des baies et des fruits rouges. Son go\u00fbt profond et l\u00e9g\u00e8rement acidul\u00e9 rappelle les desserts aux fruits et les pauses sucr\u00e9es en fin de journ\u00e9e. C\u2019est une infusion g\u00e9n\u00e9reuse, pens\u00e9e pour celles et ceux qui aiment les saveurs franches et gourmandes.<\/p>\n<h3 data-start=\"1501\" data-end=\"1524\">Moment Moss Dolli<\/h3>\n<p data-start=\"1525\" data-end=\"1610\">Infusion de fin de repas ou de pause sucr\u00e9e, id\u00e9ale apr\u00e8s un dessert ou en soir\u00e9e.<\/p>\n<h3 data-start=\"5985\" data-end=\"6005\"><\/h3>\n<h3 data-start=\"5985\" data-end=\"6005\">Pr\u00e9paration<\/h3>\n<p data-start=\"6006\" data-end=\"6080\">\u2022 Dosage : 15\u201320 g \/ L<br data-start=\"6028\" data-end=\"6031\" \/>\u2022 Infusion : 10\u201312 min<br data-start=\"6053\" data-end=\"6056\" \/>\u2022 Temp\u00e9rature : 100 \u00b0C<\/p>\n<h3 data-start=\"6087\" data-end=\"6107\"><\/h3>\n<h3 data-start=\"6087\" data-end=\"6107\">Ingr\u00e9dients<\/h3>\n<p data-start=\"6108\" data-end=\"6251\">Pomme*, hibiscus*, baie de sureau*, cynorrhodon*, fraise*, feuilles de m\u00fbre*, cassis*, m\u00fbre*, groseille*<br data-start=\"6212\" data-end=\"6215\" \/>(*issus de l\u2019agriculture biologique)<\/p>\n<h3 data-start=\"2012\" data-end=\"2040\">Conseils d\u2019utilisation<\/h3>\n<p data-start=\"2041\" data-end=\"2110\">\u00c0 d\u00e9guster chaude ou froide, seule ou en accompagnement d\u2019un dessert.<\/p>\n<p data-start=\"2138\" data-end=\"2216\">\n","protected":false},"excerpt":{"rendered":"<p>Infusion gourmande et fruit\u00e9e aux baies sauvages.<\/p>\n<p><strong>\ud83c\udf70 Apr\u00e8s le repas<\/strong><\/p>\n","protected":false},"featured_media":1527,"comment_status":"open","ping_status":"closed","template":"","meta":{"site-sidebar-layout":"default","site-content-layout":"","ast-site-content-layout":"default","site-content-style":"default","site-sidebar-style":"default","ast-global-header-display":"","ast-banner-title-visibility":"","ast-main-header-display":"","ast-hfb-above-header-display":"","ast-hfb-below-header-display":"","ast-hfb-mobile-header-display":"","site-post-title":"","ast-breadcrumbs-content":"","ast-featured-img":"","footer-sml-layout":"","ast-disable-related-posts":"","theme-transparent-header-meta":"default","adv-header-id-meta":"","stick-header-meta":"","header-above-stick-meta":"","header-main-stick-meta":"","header-below-stick-meta":"","astra-migrate-meta-layouts":"set","ast-page-background-enabled":"default","ast-page-background-meta":{"desktop":{"background-color":"var(--ast-global-color-5)","background-image":"","background-repeat":"repeat","background-position":"center center","background-size":"auto","background-attachment":"scroll","background-type":"","background-media":"","overlay-type":"","overlay-color":"","overlay-opacity":"","overlay-gradient":""},"tablet":{"background-color":"","background-image":"","background-repeat":"repeat","background-position":"center center","background-size":"auto","background-attachment":"scroll","background-type":"","background-media":"","overlay-type":"","overlay-color":"","overlay-opacity":"","overlay-gradient":""},"mobile":{"background-color":"","background-image":"","background-repeat":"repeat","background-position":"center center","background-size":"auto","background-attachment":"scroll","background-type":"","background-media":"","overlay-type":"","overlay-color":"","overlay-opacity":"","overlay-gradient":""}},"ast-content-background-meta":{"desktop":{"background-color":"var(--ast-global-color-4)","background-image":"","background-repeat":"repeat","background-position":"center center","background-size":"auto","background-attachment":"scroll","background-type":"","background-media":"","overlay-type":"","overlay-color":"","overlay-opacity":"","overlay-gradient":""},"tablet":{"background-color":"var(--ast-global-color-4)","background-image":"","background-repeat":"repeat","background-position":"center center","background-size":"auto","background-attachment":"scroll","background-type":"","background-media":"","overlay-type":"","overlay-color":"","overlay-opacity":"","overlay-gradient":""},"mobile":{"background-color":"var(--ast-global-color-4)","background-image":"","background-repeat":"repeat","background-position":"center center","background-size":"auto","background-attachment":"scroll","background-type":"","background-media":"","overlay-type":"","overlay-color":"","overlay-opacity":"","overlay-gradient":""}}},"product_brand":[],"product_cat":[33],"product_tag":[34,35],"class_list":{"0":"post-1487","1":"product","2":"type-product","3":"status-publish","4":"has-post-thumbnail","6":"product_cat-thes-infusions","7":"product_tag-infusions","8":"product_tag-thes","9":"desktop-align-left","10":"tablet-align-left","11":"mobile-align-left","13":"first","14":"instock","15":"shipping-taxable","16":"purchasable","17":"product-type-simple"},"_links":{"self":[{"href":"https:\/\/mossdolli.com\/index.php?rest_route=\/wp\/v2\/product\/1487","targetHints":{"allow":["GET"]}}],"collection":[{"href":"https:\/\/mossdolli.com\/index.php?rest_route=\/wp\/v2\/product"}],"about":[{"href":"https:\/\/mossdolli.com\/index.php?rest_route=\/wp\/v2\/types\/product"}],"replies":[{"embeddable":true,"href":"https:\/\/mossdolli.com\/index.php?rest_route=%2Fwp%2Fv2%2Fcomments&post=1487"}],"wp:featuredmedia":[{"embeddable":true,"href":"https:\/\/mossdolli.com\/index.php?rest_route=\/wp\/v2\/media\/1527"}],"wp:attachment":[{"href":"https:\/\/mossdolli.com\/index.php?rest_route=%2Fwp%2Fv2%2Fmedia&parent=1487"}],"wp:term":[{"taxonomy":"product_brand","embeddable":true,"href":"https:\/\/mossdolli.com\/index.php?rest_route=%2Fwp%2Fv2%2Fproduct_brand&post=1487"},{"taxonomy":"product_cat","embeddable":true,"href":"https:\/\/mossdolli.com\/index.php?rest_route=%2Fwp%2Fv2%2Fproduct_cat&post=1487"},{"taxonomy":"product_tag","embeddable":true,"href":"https:\/\/mossdolli.com\/index.php?rest_route=%2Fwp%2Fv2%2Fproduct_tag&post=1487"}],"curies":[{"name":"wp","href":"https:\/\/api.w.org\/{rel}","templated":true}]}}