{"id":1488,"date":"2025-12-29T15:45:17","date_gmt":"2025-12-29T14:45:17","guid":{"rendered":"https:\/\/mossdolli.com\/?post_type=product&#038;p=1488"},"modified":"2026-04-02T11:55:10","modified_gmt":"2026-04-02T09:55:10","slug":"bissap-ruby-fleurs-dhibiscus-sechees-naturelles","status":"publish","type":"product","link":"https:\/\/mossdolli.com\/?product=bissap-ruby-fleurs-dhibiscus-sechees-naturelles","title":{"rendered":"BISSAP RUBY \u2013 Fleurs d\u2019hibiscus s\u00e9ch\u00e9es naturelles"},"content":{"rendered":"<p data-start=\"497\" data-end=\"694\">Le <strong data-start=\"500\" data-end=\"526\">Bissap Ruby Moss Dolli<\/strong> est compos\u00e9 de <strong data-start=\"542\" data-end=\"580\">fleurs d\u2019hibiscus enti\u00e8res s\u00e9ch\u00e9es<\/strong>, soigneusement s\u00e9lectionn\u00e9es pour leur couleur intense, leur go\u00fbt l\u00e9g\u00e8rement acidul\u00e9 et leurs bienfaits naturels.<\/p>\n<p data-start=\"696\" data-end=\"833\">Le bissap est une boisson embl\u00e9matique, pr\u00e9par\u00e9e depuis des g\u00e9n\u00e9rations dans de nombreuses familles africaines. Infus\u00e9es dans l\u2019eau chaude ou froide, les fleurs d\u2019hibiscus lib\u00e8rent une couleur intense et une saveur naturellement acidul\u00e9e. Servi lors des repas ou des grandes occasions, le bissap est une boisson de caract\u00e8re, \u00e0 la fois simple et profond\u00e9ment ancr\u00e9e dans la culture culinaire africaine.<\/p>\n<p data-start=\"835\" data-end=\"896\">Une infusion naturelle, sans additif, au go\u00fbt authentique.<\/p>\n<h3 data-start=\"903\" data-end=\"921\"><\/h3>\n<h3 data-start=\"903\" data-end=\"921\">Utilisation<\/h3>\n<h4 data-start=\"923\" data-end=\"951\">En infusion chaude<\/h4>\n<p data-start=\"952\" data-end=\"1081\">\u2022 Faire infuser <strong data-start=\"968\" data-end=\"991\">5 cuill\u00e8res \u00e0 soupe<\/strong> de fleurs s\u00e9ch\u00e9es dans <strong data-start=\"1015\" data-end=\"1039\">1 litre d\u2019eau chaude<\/strong><br data-start=\"1039\" data-end=\"1042\" \/>\u2022 Filtrer<br data-start=\"1051\" data-end=\"1054\" \/>\u2022 Sucrer selon votre go\u00fbt<\/p>\n<h4 data-start=\"1083\" data-end=\"1106\">En jus (bissap)<\/h4>\n<p data-start=\"1107\" data-end=\"1249\">\u2022 Faire bouillir <strong data-start=\"1124\" data-end=\"1150\">50 g de fleurs s\u00e9ch\u00e9es<\/strong><br data-start=\"1150\" data-end=\"1153\" \/>\u2022 Ajouter <strong data-start=\"1163\" data-end=\"1186\">\u00bd bouquet de menthe<\/strong><br data-start=\"1186\" data-end=\"1189\" \/>\u2022 Laisser refroidir<br data-start=\"1208\" data-end=\"1211\" \/>\u2022 Filtrer et sucrer selon votre go\u00fbt<\/p>\n<p data-start=\"1251\" data-end=\"1274\">Se boit chaud ou froid<\/p>\n<h3 data-start=\"1281\" data-end=\"1301\">Ingr\u00e9dients<\/h3>\n<p data-start=\"1302\" data-end=\"1377\"><strong data-start=\"1302\" data-end=\"1340\">Fleurs d\u2019hibiscus enti\u00e8res s\u00e9ch\u00e9es *BIO<\/strong><br data-start=\"1340\" data-end=\"1343\" \/><em data-start=\"1343\" data-end=\"1377\">*Issu de l\u2019agriculture biologique<\/em><\/p>\n<h3 data-start=\"1384\" data-end=\"1402\"><\/h3>\n<h3 data-start=\"1384\" data-end=\"1402\">Poids net<\/h3>\n<p data-start=\"1403\" data-end=\"1412\"><strong data-start=\"1403\" data-end=\"1412\">100 g<\/strong><\/p>\n<h3 data-start=\"1419\" data-end=\"1440\">Conservation<\/h3>\n<p data-start=\"1441\" data-end=\"1508\">\u00c0 conserver \u00e0 l\u2019abri de la lumi\u00e8re, de l\u2019humidit\u00e9 et de la chaleur.<\/p>\n<hr data-start=\"1510\" data-end=\"1513\" \/>\n<h3 data-start=\"1515\" data-end=\"1552\">Informations compl\u00e9mentaires<\/h3>\n<p data-start=\"1553\" data-end=\"1658\">\u2714 Produit naturel<br data-start=\"1570\" data-end=\"1573\" \/>\u2714 Sans additifs<br data-start=\"1588\" data-end=\"1591\" \/>\u2714 Sans conservateurs<br data-start=\"1611\" data-end=\"1614\" \/>\u2714 Convient \u00e0 une alimentation v\u00e9g\u00e9tarienne<\/p>\n","protected":false},"excerpt":{"rendered":"<p>Fleurs d\u2019hibiscus s\u00e9ch\u00e9es\u00a0 pour pr\u00e9parer le bissap, infusion naturelle, rafra\u00eechissante et sans additifs. Qualit\u00e9 premium Moss Dolli.<\/p>\n<p><strong>\ud83c\udf7d \u00c0 table<\/strong><\/p>\n","protected":false},"featured_media":1493,"comment_status":"open","ping_status":"closed","template":"","meta":{"site-sidebar-layout":"default","site-content-layout":"","ast-site-content-layout":"default","site-content-style":"default","site-sidebar-style":"default","ast-global-header-display":"","ast-banner-title-visibility":"","ast-main-header-display":"","ast-hfb-above-header-display":"","ast-hfb-below-header-display":"","ast-hfb-mobile-header-display":"","site-post-title":"","ast-breadcrumbs-content":"","ast-featured-img":"","footer-sml-layout":"","ast-disable-related-posts":"","theme-transparent-header-meta":"default","adv-header-id-meta":"","stick-header-meta":"","header-above-stick-meta":"","header-main-stick-meta":"","header-below-stick-meta":"","astra-migrate-meta-layouts":"set","ast-page-background-enabled":"default","ast-page-background-meta":{"desktop":{"background-color":"var(--ast-global-color-5)","background-image":"","background-repeat":"repeat","background-position":"center center","background-size":"auto","background-attachment":"scroll","background-type":"","background-media":"","overlay-type":"","overlay-color":"","overlay-opacity":"","overlay-gradient":""},"tablet":{"background-color":"","background-image":"","background-repeat":"repeat","background-position":"center center","background-size":"auto","background-attachment":"scroll","background-type":"","background-media":"","overlay-type":"","overlay-color":"","overlay-opacity":"","overlay-gradient":""},"mobile":{"background-color":"","background-image":"","background-repeat":"repeat","background-position":"center center","background-size":"auto","background-attachment":"scroll","background-type":"","background-media":"","overlay-type":"","overlay-color":"","overlay-opacity":"","overlay-gradient":""}},"ast-content-background-meta":{"desktop":{"background-color":"var(--ast-global-color-4)","background-image":"","background-repeat":"repeat","background-position":"center center","background-size":"auto","background-attachment":"scroll","background-type":"","background-media":"","overlay-type":"","overlay-color":"","overlay-opacity":"","overlay-gradient":""},"tablet":{"background-color":"var(--ast-global-color-4)","background-image":"","background-repeat":"repeat","background-position":"center center","background-size":"auto","background-attachment":"scroll","background-type":"","background-media":"","overlay-type":"","overlay-color":"","overlay-opacity":"","overlay-gradient":""},"mobile":{"background-color":"var(--ast-global-color-4)","background-image":"","background-repeat":"repeat","background-position":"center center","background-size":"auto","background-attachment":"scroll","background-type":"","background-media":"","overlay-type":"","overlay-color":"","overlay-opacity":"","overlay-gradient":""}}},"product_brand":[],"product_cat":[33],"product_tag":[34,35],"class_list":{"0":"post-1488","1":"product","2":"type-product","3":"status-publish","4":"has-post-thumbnail","6":"product_cat-thes-infusions","7":"product_tag-infusions","8":"product_tag-thes","9":"desktop-align-left","10":"tablet-align-left","11":"mobile-align-left","13":"first","14":"instock","15":"shipping-taxable","16":"purchasable","17":"product-type-simple"},"_links":{"self":[{"href":"https:\/\/mossdolli.com\/index.php?rest_route=\/wp\/v2\/product\/1488","targetHints":{"allow":["GET"]}}],"collection":[{"href":"https:\/\/mossdolli.com\/index.php?rest_route=\/wp\/v2\/product"}],"about":[{"href":"https:\/\/mossdolli.com\/index.php?rest_route=\/wp\/v2\/types\/product"}],"replies":[{"embeddable":true,"href":"https:\/\/mossdolli.com\/index.php?rest_route=%2Fwp%2Fv2%2Fcomments&post=1488"}],"wp:featuredmedia":[{"embeddable":true,"href":"https:\/\/mossdolli.com\/index.php?rest_route=\/wp\/v2\/media\/1493"}],"wp:attachment":[{"href":"https:\/\/mossdolli.com\/index.php?rest_route=%2Fwp%2Fv2%2Fmedia&parent=1488"}],"wp:term":[{"taxonomy":"product_brand","embeddable":true,"href":"https:\/\/mossdolli.com\/index.php?rest_route=%2Fwp%2Fv2%2Fproduct_brand&post=1488"},{"taxonomy":"product_cat","embeddable":true,"href":"https:\/\/mossdolli.com\/index.php?rest_route=%2Fwp%2Fv2%2Fproduct_cat&post=1488"},{"taxonomy":"product_tag","embeddable":true,"href":"https:\/\/mossdolli.com\/index.php?rest_route=%2Fwp%2Fv2%2Fproduct_tag&post=1488"}],"curies":[{"name":"wp","href":"https:\/\/api.w.org\/{rel}","templated":true}]}}