{"id":327,"date":"2025-06-03T21:49:40","date_gmt":"2025-06-03T19:49:40","guid":{"rendered":"https:\/\/mossdolli.com\/?post_type=product&#038;p=327"},"modified":"2026-01-08T16:32:56","modified_gmt":"2026-01-08T15:32:56","slug":"duo-sauce-verte-nokoss","status":"publish","type":"product","link":"https:\/\/mossdolli.com\/?product=duo-sauce-verte-nokoss","title":{"rendered":"Duo Sauce verte &#038; Nokoss"},"content":{"rendered":"<h3 data-start=\"164\" data-end=\"217\"><strong data-start=\"171\" data-end=\"215\">Pack Duo \u2013 Sauce Verte &amp; Marinade Nokoss<\/strong><\/h3>\n<p data-start=\"218\" data-end=\"275\"><strong data-start=\"218\" data-end=\"275\">Le combo gagnant pour des plats savoureux.<\/strong><\/p>\n<p data-start=\"277\" data-end=\"520\">D\u00e9couvrez l\u2019alliance parfaite entre la fra\u00eecheur piquante de notre <strong data-start=\"343\" data-end=\"358\">Sauce Verte<\/strong> et la richesse aromatique de la <strong data-start=\"391\" data-end=\"410\">Marinade Nokoss<\/strong>. Ce pack a \u00e9t\u00e9 pens\u00e9 pour celles et ceux qui aiment cuisiner avec go\u00fbt et authenticit\u00e9.<\/p>\n<p data-start=\"522\" data-end=\"747\">\ud83d\udd38 <strong data-start=\"525\" data-end=\"544\">Marinade Nokoss<\/strong> : pour des viandes impr\u00e9gn\u00e9es, des poissons savoureux et des l\u00e9gumes bien relev\u00e9s.<br data-start=\"627\" data-end=\"630\" \/>\ud83d\udd38 <strong data-start=\"633\" data-end=\"648\">Sauce Verte<\/strong> : fra\u00eeche, intense et pleine de caract\u00e8re, parfaite pour sublimer grillades, riz ou en base de sauce pour un sandwich gourmand.<\/p>\n<p data-start=\"749\" data-end=\"915\"><strong data-start=\"749\" data-end=\"783\">Pourquoi choisir le pack duo ?<\/strong><br data-start=\"783\" data-end=\"786\" \/>Parce que ces deux sauces se compl\u00e8tent \u00e0 merveille et transforment n\u2019importe quel plat du quotidien en une explosion de saveurs.<\/p>\n<p data-start=\"749\" data-end=\"915\">Utilisez le nokoss comme base de marinade et d\u00e9gustez votre plat avec la sauce verte en sauce d&rsquo;accompagnement.<\/p>\n<p data-start=\"917\" data-end=\"1014\"><strong><em data-start=\"920\" data-end=\"1014\">Un must-have dans ta cuisine, et un vrai gain de temps pour cuisiner maison\u2026 sans compromis.<\/em><\/strong><\/p>\n<hr \/>\n<p>&nbsp;<\/p>\n<p><img fetchpriority=\"high\" decoding=\"async\" class=\"wp-image-1019 alignnone\" src=\"https:\/\/mossdolli.com\/wp-content\/uploads\/2025\/05\/2025-06-23-01-27-05-527-1024x683.jpg\" alt=\"Pot de sauce verte artisanale Moss Dolli, entour\u00e9 d'ail, \u00e9chalote et d\u2019herbes fra\u00eeches\" width=\"540\" height=\"360\" srcset=\"https:\/\/mossdolli.com\/wp-content\/uploads\/2025\/05\/2025-06-23-01-27-05-527-1024x683.jpg 1024w, https:\/\/mossdolli.com\/wp-content\/uploads\/2025\/05\/2025-06-23-01-27-05-527-300x200.jpg 300w, https:\/\/mossdolli.com\/wp-content\/uploads\/2025\/05\/2025-06-23-01-27-05-527-768x512.jpg 768w, https:\/\/mossdolli.com\/wp-content\/uploads\/2025\/05\/2025-06-23-01-27-05-527-1536x1025.jpg 1536w, https:\/\/mossdolli.com\/wp-content\/uploads\/2025\/05\/2025-06-23-01-27-05-527-2048x1366.jpg 2048w, https:\/\/mossdolli.com\/wp-content\/uploads\/2025\/05\/2025-06-23-01-27-05-527-1320x881.jpg 1320w, https:\/\/mossdolli.com\/wp-content\/uploads\/2025\/05\/2025-06-23-01-27-05-527-600x400.jpg 600w\" sizes=\"(max-width: 540px) 100vw, 540px\" \/><\/p>\n<p>&nbsp;<\/p>\n<p><span style=\"font-size: 14pt;\"><strong data-start=\"633\" data-end=\"648\">Sauce Verte<\/strong><\/span><\/p>\n<p><b>Le secret d\u2019une grillade savoureuse<\/b><br \/>\nNotre\u00a0<strong>SAUCE VERTE<\/strong> maison est id\u00e9ale pour accompagner poulets, poissons et grillades. Son onctuosit\u00e9 et son parfum d\u00e9licat rel\u00e8veront \u00e9galement vos autres plats.<\/p>\n<p>&nbsp;<\/p>\n<p><strong><span style=\"font-family: georgia, palatino, serif;\">Ingr\u00e9dients :<\/span><\/strong><br \/>\n<span style=\"font-family: georgia, palatino, serif;\">Mayonnaise (oeuf, huile, moutarde), herbes fra\u00eeches, moutarde, ail, \u00e9chalote, cr\u00e8me fra\u00eeche, huile, vinaigre, sel, poivre, sorbate de potassium.<\/span><\/p>\n<p><span style=\"font-family: georgia, palatino, serif;\"><b>Conseils d&rsquo;utilisation :<\/b><\/span><\/p>\n<p><span style=\"font-family: georgia, palatino, serif;\">\ud83d\udd38\u00a0Pr\u00eat \u00e0 l&#8217;emploi \u2013 Utilisez directement pour accompagner vos plats.<\/span><\/p>\n<p><span style=\"font-family: georgia, palatino, serif;\">\ud83d\udd38\u00a0Conservation :\u00a0 \u00e0 conserver au r\u00e9frig\u00e9rateur et \u00e0 consommer dans les 15 jours apr\u00e8s ouverture.<\/span><\/p>\n<p>Poids net : 180g<\/p>\n<hr \/>\n<p>&nbsp;<\/p>\n<p><img decoding=\"async\" class=\"wp-image-1080 alignnone\" src=\"https:\/\/mossdolli.com\/wp-content\/uploads\/2025\/06\/2025-06-23-12-03-28-2171-1024x683.jpg\" alt=\"Marinade base aromatique Nokoss Moss Dolli dans un pot en verre, pos\u00e9e \u00e0 c\u00f4t\u00e9 d\u2019ingr\u00e9dients frais comme ail, oignon, persil et poivron\" width=\"540\" height=\"360\" srcset=\"https:\/\/mossdolli.com\/wp-content\/uploads\/2025\/06\/2025-06-23-12-03-28-2171-1024x683.jpg 1024w, https:\/\/mossdolli.com\/wp-content\/uploads\/2025\/06\/2025-06-23-12-03-28-2171-300x200.jpg 300w, https:\/\/mossdolli.com\/wp-content\/uploads\/2025\/06\/2025-06-23-12-03-28-2171-768x512.jpg 768w, https:\/\/mossdolli.com\/wp-content\/uploads\/2025\/06\/2025-06-23-12-03-28-2171-1536x1025.jpg 1536w, https:\/\/mossdolli.com\/wp-content\/uploads\/2025\/06\/2025-06-23-12-03-28-2171-2048x1366.jpg 2048w, https:\/\/mossdolli.com\/wp-content\/uploads\/2025\/06\/2025-06-23-12-03-28-2171-1320x881.jpg 1320w, https:\/\/mossdolli.com\/wp-content\/uploads\/2025\/06\/2025-06-23-12-03-28-2171-600x400.jpg 600w\" sizes=\"(max-width: 540px) 100vw, 540px\" \/><\/p>\n<p>&nbsp;<\/p>\n<p><span style=\"font-size: 14pt;\"><strong data-start=\"525\" data-end=\"544\">Marinade Nokoss<\/strong><\/span><\/p>\n<p><b>L\u2019essence des saveurs africaines<\/b><br \/>\nLe\u00a0<strong>NOKOSS<\/strong>, secret des saveurs s\u00e9n\u00e9galaises, est un m\u00e9lange d\u2019herbes et d\u2019\u00e9pices s\u00e9lectionn\u00e9es pour sublimer vos plats. Id\u00e9al pour vos marinades, vinaigrettes et assaisonnements.<\/p>\n<p>&nbsp;<\/p>\n<p><strong>Ingr\u00e9dients :<\/strong><br \/>\nPoivrons, \u00e9chalote, ail, oignons nouveaux, herbes aromatiques, huile, sel.<\/p>\n<p><strong>Conseils d&rsquo;utilisation :<\/strong><\/p>\n<p><span style=\"font-family: georgia, palatino, serif;\">\ud83d\udd38<\/span>\u00a0Ajoutez 1 \u00e0 2 cuill\u00e8res \u00e0 soupe pour relever vos plats.<br \/>\n<span style=\"font-family: georgia, palatino, serif;\">\ud83d\udd38<\/span>\u00a0Ajoutez de la moutarde ou des \u00e9pices au choix pour des marinades encore plus gourmandes.<br \/>\n<span style=\"font-family: georgia, palatino, serif;\">\ud83d\udd38<\/span>\u00a0Recouvrez avec un filet d&rsquo;huile apr\u00e8s chaque utilisation pour conserver toutes les saveurs.<\/p>\n<p><span style=\"font-family: georgia, palatino, serif;\">\ud83d\udd38<\/span>Conservation : \u00e0 conserver au r\u00e9frig\u00e9rateur et \u00e0 consommer dans les 15 jours apr\u00e8s ouverture.<\/p>\n<p>Poids net : 200g<\/p>\n","protected":false},"excerpt":{"rendered":"<p data-start=\"218\" data-end=\"275\"><span style=\"font-family: georgia, palatino, serif;\"><strong data-start=\"218\" data-end=\"275\">Le combo gagnant pour des plats savoureux.<\/strong><\/span><\/p>\n<p data-start=\"277\" data-end=\"520\"><span style=\"font-family: georgia, palatino, serif;\">D\u00e9couvrez l\u2019alliance parfaite entre la fra\u00eecheur piquante de notre <strong data-start=\"343\" data-end=\"358\">Sauce Verte<\/strong> et la richesse aromatique de la <strong data-start=\"391\" data-end=\"410\">Marinade Nokoss<\/strong>. Ce pack a \u00e9t\u00e9 pens\u00e9 pour celles et ceux qui aiment cuisiner avec go\u00fbt et authenticit\u00e9.<\/span><\/p>\n","protected":false},"featured_media":1017,"comment_status":"open","ping_status":"closed","template":"","meta":{"site-sidebar-layout":"default","site-content-layout":"","ast-site-content-layout":"default","site-content-style":"default","site-sidebar-style":"default","ast-global-header-display":"","ast-banner-title-visibility":"","ast-main-header-display":"","ast-hfb-above-header-display":"","ast-hfb-below-header-display":"","ast-hfb-mobile-header-display":"","site-post-title":"","ast-breadcrumbs-content":"","ast-featured-img":"","footer-sml-layout":"","ast-disable-related-posts":"","theme-transparent-header-meta":"default","adv-header-id-meta":"","stick-header-meta":"","header-above-stick-meta":"","header-main-stick-meta":"","header-below-stick-meta":"","astra-migrate-meta-layouts":"set","ast-page-background-enabled":"default","ast-page-background-meta":{"desktop":{"background-color":"var(--ast-global-color-5)","background-image":"","background-repeat":"repeat","background-position":"center center","background-size":"auto","background-attachment":"scroll","background-type":"","background-media":"","overlay-type":"","overlay-color":"","overlay-opacity":"","overlay-gradient":""},"tablet":{"background-color":"","background-image":"","background-repeat":"repeat","background-position":"center center","background-size":"auto","background-attachment":"scroll","background-type":"","background-media":"","overlay-type":"","overlay-color":"","overlay-opacity":"","overlay-gradient":""},"mobile":{"background-color":"","background-image":"","background-repeat":"repeat","background-position":"center center","background-size":"auto","background-attachment":"scroll","background-type":"","background-media":"","overlay-type":"","overlay-color":"","overlay-opacity":"","overlay-gradient":""}},"ast-content-background-meta":{"desktop":{"background-color":"var(--ast-global-color-4)","background-image":"","background-repeat":"repeat","background-position":"center center","background-size":"auto","background-attachment":"scroll","background-type":"","background-media":"","overlay-type":"","overlay-color":"","overlay-opacity":"","overlay-gradient":""},"tablet":{"background-color":"var(--ast-global-color-4)","background-image":"","background-repeat":"repeat","background-position":"center center","background-size":"auto","background-attachment":"scroll","background-type":"","background-media":"","overlay-type":"","overlay-color":"","overlay-opacity":"","overlay-gradient":""},"mobile":{"background-color":"var(--ast-global-color-4)","background-image":"","background-repeat":"repeat","background-position":"center center","background-size":"auto","background-attachment":"scroll","background-type":"","background-media":"","overlay-type":"","overlay-color":"","overlay-opacity":"","overlay-gradient":""}}},"product_brand":[],"product_cat":[17,27,21],"product_tag":[20,18,19,28],"class_list":{"0":"post-327","1":"product","2":"type-product","3":"status-publish","4":"has-post-thumbnail","6":"product_cat-marinade","7":"product_cat-packs-decouverte","8":"product_cat-sauce","9":"product_tag-marinade","10":"product_tag-nokoss","11":"product_tag-sauce","12":"product_tag-sauce-verte","13":"desktop-align-left","14":"tablet-align-left","15":"mobile-align-left","17":"first","18":"outofstock","19":"sale","20":"shipping-taxable","21":"purchasable","22":"product-type-simple"},"_links":{"self":[{"href":"https:\/\/mossdolli.com\/index.php?rest_route=\/wp\/v2\/product\/327","targetHints":{"allow":["GET"]}}],"collection":[{"href":"https:\/\/mossdolli.com\/index.php?rest_route=\/wp\/v2\/product"}],"about":[{"href":"https:\/\/mossdolli.com\/index.php?rest_route=\/wp\/v2\/types\/product"}],"replies":[{"embeddable":true,"href":"https:\/\/mossdolli.com\/index.php?rest_route=%2Fwp%2Fv2%2Fcomments&post=327"}],"wp:featuredmedia":[{"embeddable":true,"href":"https:\/\/mossdolli.com\/index.php?rest_route=\/wp\/v2\/media\/1017"}],"wp:attachment":[{"href":"https:\/\/mossdolli.com\/index.php?rest_route=%2Fwp%2Fv2%2Fmedia&parent=327"}],"wp:term":[{"taxonomy":"product_brand","embeddable":true,"href":"https:\/\/mossdolli.com\/index.php?rest_route=%2Fwp%2Fv2%2Fproduct_brand&post=327"},{"taxonomy":"product_cat","embeddable":true,"href":"https:\/\/mossdolli.com\/index.php?rest_route=%2Fwp%2Fv2%2Fproduct_cat&post=327"},{"taxonomy":"product_tag","embeddable":true,"href":"https:\/\/mossdolli.com\/index.php?rest_route=%2Fwp%2Fv2%2Fproduct_tag&post=327"}],"curies":[{"name":"wp","href":"https:\/\/api.w.org\/{rel}","templated":true}]}}