{"id":63,"date":"2025-05-03T22:37:44","date_gmt":"2025-05-03T20:37:44","guid":{"rendered":"http:\/\/mossdolli.com\/?post_type=product&#038;p=63"},"modified":"2026-04-03T14:02:52","modified_gmt":"2026-04-03T12:02:52","slug":"sauce-nokoss","status":"publish","type":"product","link":"https:\/\/mossdolli.com\/?product=sauce-nokoss","title":{"rendered":"Marinade Nokoss"},"content":{"rendered":"<p><span style=\"font-size: 14pt;\"><b>L&rsquo;essence des saveurs africaines<\/b><\/span><br \/>\nLe <strong>NOKOSS<\/strong>, secret des saveurs s\u00e9n\u00e9galaises, est un m\u00e9lange d&rsquo;herbes et d&rsquo;\u00e9pices s\u00e9lectionn\u00e9es pour sublimer vos plats. Id\u00e9al pour vos marinades, vinaigrettes et assaisonnements.<\/p>\n<p><b>Ingr\u00e9dients :<\/b><br \/>\nPoivrons, \u00e9chalote, ail, oignons nouveaux, herbes aromatiques, huile, sel.<\/p>\n<p>* Sans additifs, sans conservateurs, sans bouillon *<\/p>\n<p><b>Conseils d&rsquo;utilisation :<\/b><\/p>\n<p>\ud83d\udd38\u00a0Ajoutez 1 \u00e0 2 cuill\u00e8res \u00e0 soupe pour relever vos plats.<br \/>\n\ud83d\udd38\u00a0Ajoutez de la moutarde ou des \u00e9pices au choix pour des marinades encore plus gourmandes.<br \/>\n\ud83d\udd38\u00a0Recouvrez avec un filet d&rsquo;huile apr\u00e8s chaque utilisation pour conserver toutes les saveurs.<\/p>\n<p><strong>Conservation<\/strong> : \u00e0 conserver au r\u00e9frig\u00e9rateur et \u00e0 consommer dans les 15 jours apr\u00e8s ouverture.<\/p>\n<p>Poids net : 200g<\/p>\n","protected":false},"excerpt":{"rendered":"<p>Le NOKOSS, secret des saveurs s\u00e9n\u00e9galaises, est un m\u00e9lange d&rsquo;herbes et d&rsquo;\u00e9pices s\u00e9lectionn\u00e9es pour sublimer vos plats. Id\u00e9al pour vos marinades, vinaigrettes et assaisonnements.<\/p>\n<p style=\"margin-top: 8px; font-size: 14px; color: #555;\"><span style=\"font-family: 'arial black', sans-serif;\"><strong><span style=\"font-size: 12pt;\">REDUCTION sur le lot de 3 nokoss <\/span><\/strong><\/span><\/p>\n<p><a style=\"background: #00a878; color: #fff; padding: 10px 15px; display: inline-block; border-radius: 5px;\" href=\"https:\/\/mossdolli.com\/?add-to-cart=63&amp;quantity=3\">Ajouter 3 au panier et \u00e9conomiser 10%<\/a><\/p>\n","protected":false},"featured_media":1080,"comment_status":"open","ping_status":"closed","template":"","meta":{"site-sidebar-layout":"default","site-content-layout":"","ast-site-content-layout":"default","site-content-style":"default","site-sidebar-style":"default","ast-global-header-display":"","ast-banner-title-visibility":"","ast-main-header-display":"","ast-hfb-above-header-display":"","ast-hfb-below-header-display":"","ast-hfb-mobile-header-display":"","site-post-title":"","ast-breadcrumbs-content":"","ast-featured-img":"","footer-sml-layout":"","ast-disable-related-posts":"","theme-transparent-header-meta":"default","adv-header-id-meta":"","stick-header-meta":"","header-above-stick-meta":"","header-main-stick-meta":"","header-below-stick-meta":"","astra-migrate-meta-layouts":"set","ast-page-background-enabled":"default","ast-page-background-meta":{"desktop":{"background-color":"var(--ast-global-color-5)","background-image":"","background-repeat":"repeat","background-position":"center center","background-size":"auto","background-attachment":"scroll","background-type":"","background-media":"","overlay-type":"","overlay-color":"","overlay-opacity":"","overlay-gradient":""},"tablet":{"background-color":"","background-image":"","background-repeat":"repeat","background-position":"center center","background-size":"auto","background-attachment":"scroll","background-type":"","background-media":"","overlay-type":"","overlay-color":"","overlay-opacity":"","overlay-gradient":""},"mobile":{"background-color":"","background-image":"","background-repeat":"repeat","background-position":"center center","background-size":"auto","background-attachment":"scroll","background-type":"","background-media":"","overlay-type":"","overlay-color":"","overlay-opacity":"","overlay-gradient":""}},"ast-content-background-meta":{"desktop":{"background-color":"var(--ast-global-color-4)","background-image":"","background-repeat":"repeat","background-position":"center center","background-size":"auto","background-attachment":"scroll","background-type":"","background-media":"","overlay-type":"","overlay-color":"","overlay-opacity":"","overlay-gradient":""},"tablet":{"background-color":"var(--ast-global-color-4)","background-image":"","background-repeat":"repeat","background-position":"center center","background-size":"auto","background-attachment":"scroll","background-type":"","background-media":"","overlay-type":"","overlay-color":"","overlay-opacity":"","overlay-gradient":""},"mobile":{"background-color":"var(--ast-global-color-4)","background-image":"","background-repeat":"repeat","background-position":"center center","background-size":"auto","background-attachment":"scroll","background-type":"","background-media":"","overlay-type":"","overlay-color":"","overlay-opacity":"","overlay-gradient":""}}},"product_brand":[],"product_cat":[17,27],"product_tag":[20,18],"class_list":{"0":"post-63","1":"product","2":"type-product","3":"status-publish","4":"has-post-thumbnail","6":"product_cat-marinade","7":"product_cat-packs-decouverte","8":"product_tag-marinade","9":"product_tag-nokoss","10":"desktop-align-left","11":"tablet-align-left","12":"mobile-align-left","14":"first","15":"instock","16":"sale","17":"shipping-taxable","18":"purchasable","19":"product-type-simple"},"_links":{"self":[{"href":"https:\/\/mossdolli.com\/index.php?rest_route=\/wp\/v2\/product\/63","targetHints":{"allow":["GET"]}}],"collection":[{"href":"https:\/\/mossdolli.com\/index.php?rest_route=\/wp\/v2\/product"}],"about":[{"href":"https:\/\/mossdolli.com\/index.php?rest_route=\/wp\/v2\/types\/product"}],"replies":[{"embeddable":true,"href":"https:\/\/mossdolli.com\/index.php?rest_route=%2Fwp%2Fv2%2Fcomments&post=63"}],"wp:featuredmedia":[{"embeddable":true,"href":"https:\/\/mossdolli.com\/index.php?rest_route=\/wp\/v2\/media\/1080"}],"wp:attachment":[{"href":"https:\/\/mossdolli.com\/index.php?rest_route=%2Fwp%2Fv2%2Fmedia&parent=63"}],"wp:term":[{"taxonomy":"product_brand","embeddable":true,"href":"https:\/\/mossdolli.com\/index.php?rest_route=%2Fwp%2Fv2%2Fproduct_brand&post=63"},{"taxonomy":"product_cat","embeddable":true,"href":"https:\/\/mossdolli.com\/index.php?rest_route=%2Fwp%2Fv2%2Fproduct_cat&post=63"},{"taxonomy":"product_tag","embeddable":true,"href":"https:\/\/mossdolli.com\/index.php?rest_route=%2Fwp%2Fv2%2Fproduct_tag&post=63"}],"curies":[{"name":"wp","href":"https:\/\/api.w.org\/{rel}","templated":true}]}}