{"id":820,"date":"2025-06-20T19:28:44","date_gmt":"2025-06-20T17:28:44","guid":{"rendered":"https:\/\/mossdolli.com\/?post_type=product&#038;p=820"},"modified":"2026-04-03T14:02:52","modified_gmt":"2026-04-03T12:02:52","slug":"sauce-verte-anti-gaspi","status":"publish","type":"product","link":"https:\/\/mossdolli.com\/?product=sauce-verte-anti-gaspi","title":{"rendered":"Sauce verte [Anti-Gaspi]"},"content":{"rendered":"<hr \/>\n<p data-start=\"501\" data-end=\"799\"><strong data-start=\"501\" data-end=\"562\">Une deuxi\u00e8me chance pour une sauce pleine de saveurs !<\/strong><br data-start=\"562\" data-end=\"565\" \/>Suite \u00e0 une alt\u00e9ration de texture apparu \u00e0 la fabrication, cette sauce verte ne peut \u00eatre vendue dans notre gamme classique. Mais elle reste <strong data-start=\"724\" data-end=\"752\">parfaitement consommable<\/strong>, avec un go\u00fbt intact et une composition clean.<\/p>\n<p data-start=\"501\" data-end=\"799\"><strong><span style=\"font-family: georgia, palatino, serif;\">Ingr\u00e9dients :<\/span><\/strong><br \/>\n<span style=\"font-family: georgia, palatino, serif;\">Mayonnaise (oeuf, huile, moutarde), herbes fra\u00eeches, moutarde, ail, \u00e9chalote, cr\u00e8me fra\u00eeche, huile, vinaigre, sel, poivre, sorbate de potassium.<\/span><\/p>\n<h3 data-start=\"801\" data-end=\"834\"><span style=\"font-family: georgia, palatino, serif; font-size: 12pt;\"><b>Conseils d&rsquo;utilisation :<\/b><\/span><\/h3>\n<p data-start=\"837\" data-end=\"943\"><span style=\"font-family: georgia, palatino, serif;\">\ud83d\udd38<\/span>En <strong data-start=\"840\" data-end=\"863\">vinaigrette express<\/strong> : avec de moutarde, du citron &#8230;<\/p>\n<p data-start=\"946\" data-end=\"975\"><span style=\"font-family: georgia, palatino, serif;\">\ud83d\udd38 <\/span>En<strong> marinade<\/strong> : avec de la moutarde, des \u00e9pices au choix &#8230;<\/p>\n<p data-start=\"946\" data-end=\"975\"><span style=\"font-family: georgia, palatino, serif;\">\ud83d\udd38 <\/span>En<strong> condiment<\/strong> : sur du riz, des l\u00e9gumes ou une salade de crudit\u00e9s<\/p>\n<p>Poids net : 180g<\/p>\n<p>&nbsp;<\/p>\n<h3 data-start=\"1035\" data-end=\"1052\"><span style=\"font-size: 12pt;\">Important :<\/span><\/h3>\n<p data-start=\"1055\" data-end=\"1124\">\ud83d\udccc Prix r\u00e9duit pour \u00e9viter le gaspillage.<\/p>\n<p>\ud83d\udccc Ce produit porte le m\u00eame packaging que la version classique, mais sa texture est fluide \u2013 il ne s&rsquo;agit pas d&rsquo;une mayonnaise.<\/p>\n<p>\ud83d\udccc Bien agiter ou m\u00e9langer avant utilisation pour retrouver une texture homog\u00e8ne.<\/p>\n<p>\ud83d\udccc \u00c0 consommer dans les 3 jours apr\u00e8s ouverture (conservation au frais indispensable).<\/p>\n<p>&nbsp;<\/p>\n<hr \/>\n<h3><\/h3>\n<h3>Id\u00e9e recette antigaspi : vinaigrette express \u00e0 la sauce verte<\/h3>\n<p>&nbsp;<\/p>\n<h3><img fetchpriority=\"high\" decoding=\"async\" class=\"alignleft wp-image-998\" src=\"https:\/\/mossdolli.com\/wp-content\/uploads\/2025\/06\/2025-06-18-22-43-10-9441-300x200.jpg\" alt=\"Salade bowl compos\u00e9 de crudit\u00e9s et Vinaigrette \u00e0 base de Sauce Verte Antigaspi Moss Dolli\" width=\"468\" height=\"312\" srcset=\"https:\/\/mossdolli.com\/wp-content\/uploads\/2025\/06\/2025-06-18-22-43-10-9441-300x200.jpg 300w, https:\/\/mossdolli.com\/wp-content\/uploads\/2025\/06\/2025-06-18-22-43-10-9441-1024x683.jpg 1024w, https:\/\/mossdolli.com\/wp-content\/uploads\/2025\/06\/2025-06-18-22-43-10-9441-768x512.jpg 768w, https:\/\/mossdolli.com\/wp-content\/uploads\/2025\/06\/2025-06-18-22-43-10-9441-1536x1025.jpg 1536w, https:\/\/mossdolli.com\/wp-content\/uploads\/2025\/06\/2025-06-18-22-43-10-9441-2048x1366.jpg 2048w, https:\/\/mossdolli.com\/wp-content\/uploads\/2025\/06\/2025-06-18-22-43-10-9441-1320x881.jpg 1320w, https:\/\/mossdolli.com\/wp-content\/uploads\/2025\/06\/2025-06-18-22-43-10-9441-600x400.jpg 600w\" sizes=\"(max-width: 468px) 100vw, 468px\" \/><\/h3>\n<p><strong>Ingr\u00e9dients :<\/strong><\/p>\n<ul>\n<li>\u00bd pot de sauce verte (version antigaspi)<\/li>\n<li>Le jus d\u2019un demi citron<\/li>\n<li>1 cuill\u00e8re \u00e0 soupe de moutarde<\/li>\n<li>2 cuill\u00e8res \u00e0 soupe d\u2019huile<\/li>\n<li>Sel, poivre<\/li>\n<\/ul>\n<p><strong>Pr\u00e9paration :<\/strong><br \/>\nM\u00e9langez tous les ingr\u00e9dients dans un bol ou un bocal. Secouez ou fouettez, et servez !<\/p>\n<p><em>\ud83d\udca1 Cette sauce peut devenir une excellente base pour vos vinaigrettes !<\/em><\/p>\n<p><img decoding=\"async\" class=\"alignright wp-image-999\" src=\"https:\/\/mossdolli.com\/wp-content\/uploads\/2025\/06\/2025-06-18-22-45-44-2281-207x300.jpg\" alt=\"Vinaigrette \u00e0 base de Sauce Verte Antigaspi Moss Dolli\" width=\"246\" height=\"357\" srcset=\"https:\/\/mossdolli.com\/wp-content\/uploads\/2025\/06\/2025-06-18-22-45-44-2281-207x300.jpg 207w, https:\/\/mossdolli.com\/wp-content\/uploads\/2025\/06\/2025-06-18-22-45-44-2281-706x1024.jpg 706w, https:\/\/mossdolli.com\/wp-content\/uploads\/2025\/06\/2025-06-18-22-45-44-2281-768x1114.jpg 768w, https:\/\/mossdolli.com\/wp-content\/uploads\/2025\/06\/2025-06-18-22-45-44-2281-1059x1536.jpg 1059w, https:\/\/mossdolli.com\/wp-content\/uploads\/2025\/06\/2025-06-18-22-45-44-2281-1412x2048.jpg 1412w, https:\/\/mossdolli.com\/wp-content\/uploads\/2025\/06\/2025-06-18-22-45-44-2281-1320x1915.jpg 1320w, https:\/\/mossdolli.com\/wp-content\/uploads\/2025\/06\/2025-06-18-22-45-44-2281-600x870.jpg 600w, https:\/\/mossdolli.com\/wp-content\/uploads\/2025\/06\/2025-06-18-22-45-44-2281.jpg 1708w\" sizes=\"(max-width: 246px) 100vw, 246px\" \/><\/p>\n<p>&nbsp;<\/p>\n<p>&nbsp;<\/p>\n<p>&nbsp;<\/p>\n<blockquote><p>\u00a0 \u00a0 \u00a0 \u00a0<em><span style=\"font-family: georgia, palatino, serif;\"> \u00a0<\/span><\/em><em><span style=\"font-family: georgia, palatino, serif;\"><span style=\"font-size: 18pt;\">Un filet de jus de citron, une touche de moutarde et notre sauce verte antigaspi : une vinaigrette rapide, d\u00e9licieuse et responsable !<\/span><\/span><\/em><\/p><\/blockquote>\n","protected":false},"excerpt":{"rendered":"<p>Une sauce pleine de go\u00fbt, un d\u00e9faut d&rsquo;aspect mais toujours savoureuse . Id\u00e9ale en base de vinaigrette ou pour twister tes plats. Offre anti-gaspi limit\u00e9e !<\/p>\n","protected":false},"featured_media":1139,"comment_status":"open","ping_status":"closed","template":"","meta":{"site-sidebar-layout":"default","site-content-layout":"","ast-site-content-layout":"default","site-content-style":"default","site-sidebar-style":"default","ast-global-header-display":"","ast-banner-title-visibility":"","ast-main-header-display":"","ast-hfb-above-header-display":"","ast-hfb-below-header-display":"","ast-hfb-mobile-header-display":"","site-post-title":"","ast-breadcrumbs-content":"","ast-featured-img":"","footer-sml-layout":"","ast-disable-related-posts":"","theme-transparent-header-meta":"default","adv-header-id-meta":"","stick-header-meta":"","header-above-stick-meta":"","header-main-stick-meta":"","header-below-stick-meta":"","astra-migrate-meta-layouts":"set","ast-page-background-enabled":"default","ast-page-background-meta":{"desktop":{"background-color":"var(--ast-global-color-5)","background-image":"","background-repeat":"repeat","background-position":"center center","background-size":"auto","background-attachment":"scroll","background-type":"","background-media":"","overlay-type":"","overlay-color":"","overlay-opacity":"","overlay-gradient":""},"tablet":{"background-color":"","background-image":"","background-repeat":"repeat","background-position":"center center","background-size":"auto","background-attachment":"scroll","background-type":"","background-media":"","overlay-type":"","overlay-color":"","overlay-opacity":"","overlay-gradient":""},"mobile":{"background-color":"","background-image":"","background-repeat":"repeat","background-position":"center center","background-size":"auto","background-attachment":"scroll","background-type":"","background-media":"","overlay-type":"","overlay-color":"","overlay-opacity":"","overlay-gradient":""}},"ast-content-background-meta":{"desktop":{"background-color":"var(--ast-global-color-4)","background-image":"","background-repeat":"repeat","background-position":"center center","background-size":"auto","background-attachment":"scroll","background-type":"","background-media":"","overlay-type":"","overlay-color":"","overlay-opacity":"","overlay-gradient":""},"tablet":{"background-color":"var(--ast-global-color-4)","background-image":"","background-repeat":"repeat","background-position":"center center","background-size":"auto","background-attachment":"scroll","background-type":"","background-media":"","overlay-type":"","overlay-color":"","overlay-opacity":"","overlay-gradient":""},"mobile":{"background-color":"var(--ast-global-color-4)","background-image":"","background-repeat":"repeat","background-position":"center center","background-size":"auto","background-attachment":"scroll","background-type":"","background-media":"","overlay-type":"","overlay-color":"","overlay-opacity":"","overlay-gradient":""}}},"product_brand":[],"product_cat":[26],"product_tag":[28],"class_list":{"0":"post-820","1":"product","2":"type-product","3":"status-publish","4":"has-post-thumbnail","6":"product_cat-antigaspi","7":"product_tag-sauce-verte","8":"desktop-align-left","9":"tablet-align-left","10":"mobile-align-left","12":"first","13":"instock","14":"sale","15":"shipping-taxable","16":"purchasable","17":"product-type-simple"},"_links":{"self":[{"href":"https:\/\/mossdolli.com\/index.php?rest_route=\/wp\/v2\/product\/820","targetHints":{"allow":["GET"]}}],"collection":[{"href":"https:\/\/mossdolli.com\/index.php?rest_route=\/wp\/v2\/product"}],"about":[{"href":"https:\/\/mossdolli.com\/index.php?rest_route=\/wp\/v2\/types\/product"}],"replies":[{"embeddable":true,"href":"https:\/\/mossdolli.com\/index.php?rest_route=%2Fwp%2Fv2%2Fcomments&post=820"}],"wp:featuredmedia":[{"embeddable":true,"href":"https:\/\/mossdolli.com\/index.php?rest_route=\/wp\/v2\/media\/1139"}],"wp:attachment":[{"href":"https:\/\/mossdolli.com\/index.php?rest_route=%2Fwp%2Fv2%2Fmedia&parent=820"}],"wp:term":[{"taxonomy":"product_brand","embeddable":true,"href":"https:\/\/mossdolli.com\/index.php?rest_route=%2Fwp%2Fv2%2Fproduct_brand&post=820"},{"taxonomy":"product_cat","embeddable":true,"href":"https:\/\/mossdolli.com\/index.php?rest_route=%2Fwp%2Fv2%2Fproduct_cat&post=820"},{"taxonomy":"product_tag","embeddable":true,"href":"https:\/\/mossdolli.com\/index.php?rest_route=%2Fwp%2Fv2%2Fproduct_tag&post=820"}],"curies":[{"name":"wp","href":"https:\/\/api.w.org\/{rel}","templated":true}]}}